{"id":38953,"date":"2024-05-02T10:26:10","date_gmt":"2024-05-02T08:26:10","guid":{"rendered":"https:\/\/agropartner.hu\/cautati-o-masina\/"},"modified":"2025-09-30T10:32:02","modified_gmt":"2025-09-30T08:32:02","slug":"cautati-o-masina","status":"publish","type":"page","link":"https:\/\/agropartner.hu\/ro\/cautati-o-masina\/","title":{"rendered":"C\u0103uta\u021bi o ma\u0219in\u0103"},"content":{"rendered":"\t\t<div data-elementor-type=\"wp-page\" data-elementor-id=\"38953\" class=\"elementor elementor-38953 elementor-23240\" data-elementor-post-type=\"page\">\n\t\t\t\t<div class=\"has_eae_slider elementor-element elementor-element-9cf3b68 e-flex e-con-boxed e-con e-parent\" data-eae-slider=\"79593\" data-id=\"9cf3b68\" data-element_type=\"container\">\n\t\t\t\t\t<div class=\"e-con-inner\">\n\t\t\t\t<div class=\"elementor-element elementor-element-8a46239 elementor-widget elementor-widget-heading\" data-id=\"8a46239\" data-element_type=\"widget\" data-widget_type=\"heading.default\">\n\t\t\t\t<div class=\"elementor-widget-container\">\n\t\t\t\t\t<h1 class=\"elementor-heading-title elementor-size-default\">Nu g\u0103si\u021bi tipul pe care \u00eel c\u0103uta\u021bi?<\/h1>\t\t\t\t<\/div>\n\t\t\t\t<\/div>\n\t\t\t\t<div class=\"elementor-element elementor-element-4003739 elementor-widget elementor-widget-heading\" data-id=\"4003739\" data-element_type=\"widget\" data-widget_type=\"heading.default\">\n\t\t\t\t<div class=\"elementor-widget-container\">\n\t\t\t\t\t<h2 class=\"elementor-heading-title elementor-size-default\">V\u0103 putem ajuta!<\/h2>\t\t\t\t<\/div>\n\t\t\t\t<\/div>\n\t\t\t\t<div class=\"elementor-element elementor-element-b7ea037 elementor-widget elementor-widget-text-editor\" data-id=\"b7ea037\" data-element_type=\"widget\" data-widget_type=\"text-editor.default\">\n\t\t\t\t<div class=\"elementor-widget-container\">\n\t\t\t\t\t\t\t\t\t<p>Completa\u021bi formularul de mai jos \u0219i colegul nostru v\u0103 va contacta pentru a v\u0103 ajuta s\u0103 g\u0103si\u021bi utilajul de care ave\u021bi nevoie!<\/p>\t\t\t\t\t\t\t\t<\/div>\n\t\t\t\t<\/div>\n\t\t\t\t<div class=\"elementor-element elementor-element-f1605d7 elementor-button-align-stretch elementor-widget elementor-widget-form\" data-id=\"f1605d7\" data-element_type=\"widget\" data-settings=\"{&quot;step_next_label&quot;:&quot;Urm\\u0103torul&quot;,&quot;step_previous_label&quot;:&quot;Articolul precedent&quot;,&quot;button_width&quot;:&quot;100&quot;,&quot;step_type&quot;:&quot;number_text&quot;,&quot;step_icon_shape&quot;:&quot;circle&quot;}\" data-widget_type=\"form.default\">\n\t\t\t\t<div class=\"elementor-widget-container\">\n\t\t\t\t\t\t\t<form class=\"elementor-form\" method=\"post\" name=\"Formular nou\" aria-label=\"Formular nou\">\n\t\t\t<input type=\"hidden\" name=\"post_id\" value=\"38953\"\/>\n\t\t\t<input type=\"hidden\" name=\"form_id\" value=\"f1605d7\"\/>\n\t\t\t<input type=\"hidden\" name=\"referer_title\" value=\"C\u0103uta\u021bi o ma\u0219in\u0103\" \/>\n\n\t\t\t\t\t\t\t<input type=\"hidden\" name=\"queried_id\" value=\"38953\"\/>\n\t\t\t\n\t\t\t<div class=\"elementor-form-fields-wrapper elementor-labels-above\">\n\t\t\t\t\t\t\t\t<div class=\"elementor-field-type-text elementor-field-group elementor-column elementor-field-group-name elementor-col-100 elementor-field-required\">\n\t\t\t\t\t\t\t\t\t\t\t\t<label for=\"form-field-name\" class=\"elementor-field-label\">\n\t\t\t\t\t\t\t\tNume \u0219i prenume\t\t\t\t\t\t\t<\/label>\n\t\t\t\t\t\t\t\t\t\t\t\t\t\t<input size=\"1\" type=\"text\" name=\"form_fields[name]\" id=\"form-field-name\" class=\"elementor-field elementor-size-sm  elementor-field-textual\" placeholder=\"Nume \u0219i prenume\" required=\"required\">\n\t\t\t\t\t\t\t\t\t\t\t<\/div>\n\t\t\t\t\t\t\t\t<div class=\"elementor-field-type-tel elementor-field-group elementor-column elementor-field-group-email elementor-col-100 elementor-field-required\">\n\t\t\t\t\t\t\t\t\t\t\t\t<label for=\"form-field-email\" class=\"elementor-field-label\">\n\t\t\t\t\t\t\t\tNum\u0103r de telefon\t\t\t\t\t\t\t<\/label>\n\t\t\t\t\t\t\t\t<input size=\"1\" type=\"tel\" name=\"form_fields[email]\" id=\"form-field-email\" class=\"elementor-field elementor-size-sm  elementor-field-textual\" placeholder=\"Num\u0103r de telefon\" required=\"required\" pattern=\"[0-9()#&amp;+*-=.]+\" title=\"Only numbers and phone characters (#, -, *, etc) are accepted.\">\n\n\t\t\t\t\t\t<\/div>\n\t\t\t\t\t\t\t\t<div class=\"elementor-field-type-email elementor-field-group elementor-column elementor-field-group-field_dd6ff9f elementor-col-100 elementor-field-required\">\n\t\t\t\t\t\t\t\t\t\t\t\t<label for=\"form-field-field_dd6ff9f\" class=\"elementor-field-label\">\n\t\t\t\t\t\t\t\tE-mail\t\t\t\t\t\t\t<\/label>\n\t\t\t\t\t\t\t\t\t\t\t\t\t\t<input size=\"1\" type=\"email\" name=\"form_fields[field_dd6ff9f]\" id=\"form-field-field_dd6ff9f\" class=\"elementor-field elementor-size-sm  elementor-field-textual\" placeholder=\"E-mail\" required=\"required\">\n\t\t\t\t\t\t\t\t\t\t\t<\/div>\n\t\t\t\t\t\t\t\t<div class=\"elementor-field-type-text elementor-field-group elementor-column elementor-field-group-field_5dc9183 elementor-col-100\">\n\t\t\t\t\t\t\t\t\t\t\t\t<label for=\"form-field-field_5dc9183\" class=\"elementor-field-label\">\n\t\t\t\t\t\t\t\tCe marc\u0103, tip v\u0103 intereseaz\u0103?\t\t\t\t\t\t\t<\/label>\n\t\t\t\t\t\t\t\t\t\t\t\t\t\t<input size=\"1\" type=\"text\" name=\"form_fields[field_5dc9183]\" id=\"form-field-field_5dc9183\" class=\"elementor-field elementor-size-sm  elementor-field-textual\">\n\t\t\t\t\t\t\t\t\t\t\t<\/div>\n\t\t\t\t\t\t\t\t<div class=\"elementor-field-type-text elementor-field-group elementor-column elementor-field-group-field_037874d elementor-col-33\">\n\t\t\t\t\t\t\t\t\t\t\t\t<label for=\"form-field-field_037874d\" class=\"elementor-field-label\">\n\t\t\t\t\t\t\t\tDe ce fel de performan\u021b\u0103 ave\u021bi nevoie?\t\t\t\t\t\t\t<\/label>\n\t\t\t\t\t\t\t\t\t\t\t\t\t\t<input size=\"1\" type=\"text\" name=\"form_fields[field_037874d]\" id=\"form-field-field_037874d\" class=\"elementor-field elementor-size-sm  elementor-field-textual\">\n\t\t\t\t\t\t\t\t\t\t\t<\/div>\n\t\t\t\t\t\t\t\t<div class=\"elementor-field-type-number elementor-field-group elementor-column elementor-field-group-field_cec1425 elementor-col-33\">\n\t\t\t\t\t\t\t\t\t\t\t\t<label for=\"form-field-field_cec1425\" class=\"elementor-field-label\">\n\t\t\t\t\t\t\t\tCare este num\u0103rul maxim de ore de func\u021bionare care poate fi luat \u00een considerare?\t\t\t\t\t\t\t<\/label>\n\t\t\t\t\t\t\t\t\t<input type=\"number\" name=\"form_fields[field_cec1425]\" id=\"form-field-field_cec1425\" class=\"elementor-field elementor-size-sm  elementor-field-textual\" min=\"\" max=\"\" >\n\t\t\t\t\t\t<\/div>\n\t\t\t\t\t\t\t\t<div class=\"elementor-field-type-select elementor-field-group elementor-column elementor-field-group-field_8790dc9 elementor-col-33\">\n\t\t\t\t\t\t\t\t\t\t\t\t<label for=\"form-field-field_8790dc9\" class=\"elementor-field-label\">\n\t\t\t\t\t\t\t\tCare este cea mai veche recolt\u0103 care v\u0103 intereseaz\u0103?\t\t\t\t\t\t\t<\/label>\n\t\t\t\t\t\t\t\t<div class=\"elementor-field elementor-select-wrapper remove-before \">\n\t\t\t<div class=\"select-caret-down-wrapper\">\n\t\t\t\t<svg aria-hidden=\"true\" class=\"e-font-icon-svg e-eicon-caret-down\" viewBox=\"0 0 571.4 571.4\" xmlns=\"http:\/\/www.w3.org\/2000\/svg\"><path d=\"M571 393Q571 407 561 418L311 668Q300 679 286 679T261 668L11 418Q0 407 0 393T11 368 36 357H536Q550 357 561 368T571 393Z\"><\/path><\/svg>\t\t\t<\/div>\n\t\t\t<select name=\"form_fields[field_8790dc9]\" id=\"form-field-field_8790dc9\" class=\"elementor-field-textual elementor-size-sm\">\n\t\t\t\t\t\t\t\t\t<option value=\"2024\">2024<\/option>\n\t\t\t\t\t\t\t\t\t<option value=\"2023\">2023<\/option>\n\t\t\t\t\t\t\t\t\t<option value=\"2022\">2022<\/option>\n\t\t\t\t\t\t\t\t\t<option value=\"2021\">2021<\/option>\n\t\t\t\t\t\t\t\t\t<option value=\"2020\">2020<\/option>\n\t\t\t\t\t\t\t\t\t<option value=\"2019\">2019<\/option>\n\t\t\t\t\t\t\t\t\t<option value=\"2018\">2018<\/option>\n\t\t\t\t\t\t\t\t\t<option value=\"2017\">2017<\/option>\n\t\t\t\t\t\t\t\t\t<option value=\"2016\">2016<\/option>\n\t\t\t\t\t\t\t\t\t<option value=\"2015\">2015<\/option>\n\t\t\t\t\t\t\t\t\t<option value=\"2014\">2014<\/option>\n\t\t\t\t\t\t\t\t\t<option value=\"2013\">2013<\/option>\n\t\t\t\t\t\t\t\t\t<option value=\"2012\">2012<\/option>\n\t\t\t\t\t\t\t\t\t<option value=\"2011\">2011<\/option>\n\t\t\t\t\t\t\t\t\t<option value=\"2010\">2010<\/option>\n\t\t\t\t\t\t\t\t\t<option value=\"2009\">2009<\/option>\n\t\t\t\t\t\t\t\t\t<option value=\"2008\">2008<\/option>\n\t\t\t\t\t\t\t\t\t<option value=\"2007\">2007<\/option>\n\t\t\t\t\t\t\t\t\t<option value=\"2006\">2006<\/option>\n\t\t\t\t\t\t\t\t\t<option value=\"2005\">2005<\/option>\n\t\t\t\t\t\t\t\t\t<option value=\"2004\">2004<\/option>\n\t\t\t\t\t\t\t\t\t<option value=\"2003\">2003<\/option>\n\t\t\t\t\t\t\t\t\t<option value=\"2002\">2002<\/option>\n\t\t\t\t\t\t\t\t\t<option value=\"2001\">2001<\/option>\n\t\t\t\t\t\t\t\t\t<option value=\"2000\">2000<\/option>\n\t\t\t\t\t\t\t\t\t<option value=\"1999\">1999<\/option>\n\t\t\t\t\t\t\t\t\t<option value=\"1998\">1998<\/option>\n\t\t\t\t\t\t\t\t\t<option value=\"1997\">1997<\/option>\n\t\t\t\t\t\t\t\t\t<option value=\"1996\">1996<\/option>\n\t\t\t\t\t\t\t\t\t<option value=\"1995\">1995<\/option>\n\t\t\t\t\t\t\t\t\t<option value=\"1994\">1994<\/option>\n\t\t\t\t\t\t\t\t\t<option value=\"1993\">1993<\/option>\n\t\t\t\t\t\t\t\t\t<option value=\"1992\">1992<\/option>\n\t\t\t\t\t\t\t\t\t<option value=\"1991\">1991<\/option>\n\t\t\t\t\t\t\t\t\t<option value=\"1990\">1990<\/option>\n\t\t\t\t\t\t\t<\/select>\n\t\t<\/div>\n\t\t\t\t\t\t<\/div>\n\t\t\t\t\t\t\t\t<div class=\"elementor-field-type-radio elementor-field-group elementor-column elementor-field-group-field_edd8a7d elementor-col-33\">\n\t\t\t\t\t\t\t\t\t\t\t\t<label for=\"form-field-field_edd8a7d\" class=\"elementor-field-label\">\n\t\t\t\t\t\t\t\tEste un avion str\u0103in o op\u021biune?\t\t\t\t\t\t\t<\/label>\n\t\t\t\t\t\t<div class=\"elementor-field-subgroup  elementor-subgroup-inline\"><span class=\"elementor-field-option\"><input type=\"radio\" value=\"Da\" id=\"form-field-field_edd8a7d-0\" name=\"form_fields[field_edd8a7d]\"> <label for=\"form-field-field_edd8a7d-0\">Da<\/label><\/span><span class=\"elementor-field-option\"><input type=\"radio\" value=\"Nu\" id=\"form-field-field_edd8a7d-1\" name=\"form_fields[field_edd8a7d]\"> <label for=\"form-field-field_edd8a7d-1\">Nu<\/label><\/span><\/div>\t\t\t\t<\/div>\n\t\t\t\t\t\t\t\t<div class=\"elementor-field-type-radio elementor-field-group elementor-column elementor-field-group-field_b3bf3ec elementor-col-33\">\n\t\t\t\t\t\t\t\t\t\t\t\t<label for=\"form-field-field_b3bf3ec\" class=\"elementor-field-label\">\n\t\t\t\t\t\t\t\tFinan\u021bare necesar\u0103?\t\t\t\t\t\t\t<\/label>\n\t\t\t\t\t\t<div class=\"elementor-field-subgroup  elementor-subgroup-inline\"><span class=\"elementor-field-option\"><input type=\"radio\" value=\"Da\" id=\"form-field-field_b3bf3ec-0\" name=\"form_fields[field_b3bf3ec]\"> <label for=\"form-field-field_b3bf3ec-0\">Da<\/label><\/span><span class=\"elementor-field-option\"><input type=\"radio\" value=\"Nu\" id=\"form-field-field_b3bf3ec-1\" name=\"form_fields[field_b3bf3ec]\"> <label for=\"form-field-field_b3bf3ec-1\">Nu<\/label><\/span><\/div>\t\t\t\t<\/div>\n\t\t\t\t\t\t\t\t<div class=\"elementor-field-type-radio elementor-field-group elementor-column elementor-field-group-field_fa4eaee elementor-col-33\">\n\t\t\t\t\t\t\t\t\t\t\t\t<label for=\"form-field-field_fa4eaee\" class=\"elementor-field-label\">\n\t\t\t\t\t\t\t\tAve\u021bi un aparat de creditare electronic\u0103?\t\t\t\t\t\t\t<\/label>\n\t\t\t\t\t\t<div class=\"elementor-field-subgroup  elementor-subgroup-inline\"><span class=\"elementor-field-option\"><input type=\"radio\" value=\"Da\" id=\"form-field-field_fa4eaee-0\" name=\"form_fields[field_fa4eaee]\"> <label for=\"form-field-field_fa4eaee-0\">Da<\/label><\/span><span class=\"elementor-field-option\"><input type=\"radio\" value=\"Nu\" id=\"form-field-field_fa4eaee-1\" name=\"form_fields[field_fa4eaee]\"> <label for=\"form-field-field_fa4eaee-1\">Nu<\/label><\/span><\/div>\t\t\t\t<\/div>\n\t\t\t\t\t\t\t\t<div class=\"elementor-field-type-textarea elementor-field-group elementor-column elementor-field-group-message elementor-col-100\">\n\t\t\t\t\t\t\t\t\t\t\t\t<label for=\"form-field-message\" class=\"elementor-field-label\">\n\t\t\t\t\t\t\t\tMesaj \/ comentariu\t\t\t\t\t\t\t<\/label>\n\t\t\t\t\t\t<textarea class=\"elementor-field-textual elementor-field  elementor-size-sm\" name=\"form_fields[message]\" id=\"form-field-message\" rows=\"4\" placeholder=\"Mesaj c\u0103tre\"><\/textarea>\t\t\t\t<\/div>\n\t\t\t\t\t\t\t\t<div class=\"elementor-field-type-acceptance elementor-field-group elementor-column elementor-field-group-field_d3a3a02 elementor-col-100\">\n\t\t\t\t\t\t\t<div class=\"elementor-field-subgroup\">\n\t\t\t<span class=\"elementor-field-option\">\n\t\t\t\t<input type=\"checkbox\" name=\"form_fields[field_d3a3a02]\" id=\"form-field-field_d3a3a02\" class=\"elementor-field elementor-size-sm  elementor-acceptance-field\">\n\t\t\t\t<label for=\"form-field-field_d3a3a02\">Am citit \u0219i accept <a href=\"\">Politica de confiden\u021bialitate.<\/a><\/label>\t\t\t<\/span>\n\t\t<\/div>\n\t\t\t\t\t\t<\/div>\n\t\t\t\t\t\t\t\t<div class=\"elementor-field-group elementor-column elementor-field-type-submit elementor-col-100 e-form__buttons\">\n\t\t\t\t\t<button class=\"elementor-button elementor-size-md\" type=\"submit\">\n\t\t\t\t\t\t<span class=\"elementor-button-content-wrapper\">\n\t\t\t\t\t\t\t\t\t\t\t\t\t\t\t\t\t\t\t\t\t\t<span class=\"elementor-button-text\">Trimite\u021bi la<\/span>\n\t\t\t\t\t\t\t\t\t\t\t\t\t<\/span>\n\t\t\t\t\t<\/button>\n\t\t\t\t<\/div>\n\t\t\t<\/div>\n\t\t<\/form>\n\t\t\t\t\t\t<\/div>\n\t\t\t\t<\/div>\n\t\t\t\t\t<\/div>\n\t\t\t\t<\/div>\n\t\t\t\t<\/div>\n\t\t","protected":false},"excerpt":{"rendered":"<p>Nu g\u0103si\u021bi tipul pe care \u00eel c\u0103uta\u021bi? V\u0103 putem ajuta! Completa\u021bi formularul de mai jos \u0219i colegul nostru v\u0103 va contacta pentru a v\u0103 ajuta s\u0103 g\u0103si\u021bi utilajul de care ave\u021bi nevoie!<\/p>\n","protected":false},"author":9,"featured_media":0,"parent":0,"menu_order":0,"comment_status":"closed","ping_status":"closed","template":"","meta":{"_acf_changed":false,"footnotes":""},"class_list":["post-38953","page","type-page","status-publish","hentry"],"acf":[],"_links":{"self":[{"href":"https:\/\/agropartner.hu\/ro\/wp-json\/wp\/v2\/pages\/38953","targetHints":{"allow":["GET"]}}],"collection":[{"href":"https:\/\/agropartner.hu\/ro\/wp-json\/wp\/v2\/pages"}],"about":[{"href":"https:\/\/agropartner.hu\/ro\/wp-json\/wp\/v2\/types\/page"}],"author":[{"embeddable":true,"href":"https:\/\/agropartner.hu\/ro\/wp-json\/wp\/v2\/users\/9"}],"replies":[{"embeddable":true,"href":"https:\/\/agropartner.hu\/ro\/wp-json\/wp\/v2\/comments?post=38953"}],"version-history":[{"count":1,"href":"https:\/\/agropartner.hu\/ro\/wp-json\/wp\/v2\/pages\/38953\/revisions"}],"predecessor-version":[{"id":38954,"href":"https:\/\/agropartner.hu\/ro\/wp-json\/wp\/v2\/pages\/38953\/revisions\/38954"}],"wp:attachment":[{"href":"https:\/\/agropartner.hu\/ro\/wp-json\/wp\/v2\/media?parent=38953"}],"curies":[{"name":"wp","href":"https:\/\/api.w.org\/{rel}","templated":true}]}}