{"id":40139,"date":"2025-05-22T15:15:55","date_gmt":"2025-05-22T13:15:55","guid":{"rendered":"https:\/\/agropartner.hu\/termek\/tractor-challenger-mt-575b\/"},"modified":"2026-05-03T18:22:16","modified_gmt":"2026-05-03T16:22:16","slug":"tractor-challenger-mt-575b","status":"publish","type":"product","link":"https:\/\/agropartner.hu\/ro\/produs\/tractor-challenger-mt-575b\/","title":{"rendered":"Tractor Challenger MT 575B"},"content":{"rendered":"","protected":false},"excerpt":{"rendered":"<p>De la proprietarul maghiar, motor Caterpillar, 40 km\/h CVT, suspensie cabin\u0103, fr\u00e2n\u0103 pneumatic\u0103, greutate nas, 540\/1000 gimbal, greutate nas, scaun cu suspensie pneumatic\u0103 Grammer<\/p>\n","protected":false},"featured_media":34462,"comment_status":"open","ping_status":"closed","template":"","meta":{"_acf_changed":false},"product_brand":[],"product_cat":[88],"product_tag":[],"class_list":{"0":"post-40139","1":"product","2":"type-product","3":"status-publish","4":"has-post-thumbnail","6":"product_cat-tractor-ro","8":"first","9":"instock","10":"shipping-taxable","11":"purchasable","12":"product-type-simple"},"acf":[],"_links":{"self":[{"href":"https:\/\/agropartner.hu\/ro\/wp-json\/wp\/v2\/product\/40139","targetHints":{"allow":["GET"]}}],"collection":[{"href":"https:\/\/agropartner.hu\/ro\/wp-json\/wp\/v2\/product"}],"about":[{"href":"https:\/\/agropartner.hu\/ro\/wp-json\/wp\/v2\/types\/product"}],"replies":[{"embeddable":true,"href":"https:\/\/agropartner.hu\/ro\/wp-json\/wp\/v2\/comments?post=40139"}],"wp:featuredmedia":[{"embeddable":true,"href":"https:\/\/agropartner.hu\/ro\/wp-json\/wp\/v2\/media\/34462"}],"wp:attachment":[{"href":"https:\/\/agropartner.hu\/ro\/wp-json\/wp\/v2\/media?parent=40139"}],"wp:term":[{"taxonomy":"product_brand","embeddable":true,"href":"https:\/\/agropartner.hu\/ro\/wp-json\/wp\/v2\/product_brand?post=40139"},{"taxonomy":"product_cat","embeddable":true,"href":"https:\/\/agropartner.hu\/ro\/wp-json\/wp\/v2\/product_cat?post=40139"},{"taxonomy":"product_tag","embeddable":true,"href":"https:\/\/agropartner.hu\/ro\/wp-json\/wp\/v2\/product_tag?post=40139"}],"curies":[{"name":"wp","href":"https:\/\/api.w.org\/{rel}","templated":true}]}}