{"id":40140,"date":"2025-05-22T15:08:23","date_gmt":"2025-05-22T13:08:23","guid":{"rendered":"https:\/\/agropartner.hu\/termek\/fendt-826-vario-tractor\/"},"modified":"2025-05-22T15:08:23","modified_gmt":"2025-05-22T13:08:23","slug":"fendt-826-vario-tractor","status":"publish","type":"product","link":"https:\/\/agropartner.hu\/ro\/produs\/fendt-826-vario-tractor\/","title":{"rendered":"Fendt 826 Vario tractor"},"content":{"rendered":"","protected":false},"excerpt":{"rendered":"<p>Echipament Profi Plus! Transmisie Vario 50 km\/h, Vario-Guide RTK, suspensie cabin\u0103+ax, fr\u00e2n\u0103 pneumatic\u0103 cu 2 circuite, contragreut\u0103\u021bi pe partea din fa\u021b\u0103 \u0219i pe ro\u021bi, TMS, LED <\/p>\n","protected":false},"featured_media":34344,"comment_status":"open","ping_status":"closed","template":"","meta":{"_acf_changed":false},"product_brand":[],"product_cat":[88],"product_tag":[],"class_list":{"0":"post-40140","1":"product","2":"type-product","3":"status-publish","4":"has-post-thumbnail","6":"product_cat-tractor-ro","8":"first","9":"instock","10":"shipping-taxable","11":"purchasable","12":"product-type-simple"},"acf":[],"_links":{"self":[{"href":"https:\/\/agropartner.hu\/ro\/wp-json\/wp\/v2\/product\/40140","targetHints":{"allow":["GET"]}}],"collection":[{"href":"https:\/\/agropartner.hu\/ro\/wp-json\/wp\/v2\/product"}],"about":[{"href":"https:\/\/agropartner.hu\/ro\/wp-json\/wp\/v2\/types\/product"}],"replies":[{"embeddable":true,"href":"https:\/\/agropartner.hu\/ro\/wp-json\/wp\/v2\/comments?post=40140"}],"wp:featuredmedia":[{"embeddable":true,"href":"https:\/\/agropartner.hu\/ro\/wp-json\/wp\/v2\/media\/34344"}],"wp:attachment":[{"href":"https:\/\/agropartner.hu\/ro\/wp-json\/wp\/v2\/media?parent=40140"}],"wp:term":[{"taxonomy":"product_brand","embeddable":true,"href":"https:\/\/agropartner.hu\/ro\/wp-json\/wp\/v2\/product_brand?post=40140"},{"taxonomy":"product_cat","embeddable":true,"href":"https:\/\/agropartner.hu\/ro\/wp-json\/wp\/v2\/product_cat?post=40140"},{"taxonomy":"product_tag","embeddable":true,"href":"https:\/\/agropartner.hu\/ro\/wp-json\/wp\/v2\/product_tag?post=40140"}],"curies":[{"name":"wp","href":"https:\/\/api.w.org\/{rel}","templated":true}]}}