{"id":40141,"date":"2025-05-22T14:56:44","date_gmt":"2025-05-22T12:56:44","guid":{"rendered":"https:\/\/agropartner.hu\/termek\/tractor-case-ih-magnum-280\/"},"modified":"2026-05-03T18:22:30","modified_gmt":"2026-05-03T16:22:30","slug":"tractor-case-ih-magnum-280","status":"publish","type":"product","link":"https:\/\/agropartner.hu\/ro\/produs\/tractor-case-ih-magnum-280\/","title":{"rendered":"Tractor Case IH Magnum 280"},"content":{"rendered":"","protected":false},"excerpt":{"rendered":"<p>Cutie de viteze Powershift 19\/4, 50 km\/h, preg\u0103tire direc\u021bie automat\u0103, monitor AFS Pro 700, ISOBUS, 5 perechi de circuite hidraulice externe, suspensie pod + cabin\u0103, fr\u00e2n\u0103 pneumatic\u0103<\/p>\n","protected":false},"featured_media":34223,"comment_status":"open","ping_status":"closed","template":"","meta":{"_acf_changed":false},"product_brand":[],"product_cat":[88],"product_tag":[],"class_list":{"0":"post-40141","1":"product","2":"type-product","3":"status-publish","4":"has-post-thumbnail","6":"product_cat-tractor-ro","8":"first","9":"instock","10":"shipping-taxable","11":"purchasable","12":"product-type-simple"},"acf":[],"_links":{"self":[{"href":"https:\/\/agropartner.hu\/ro\/wp-json\/wp\/v2\/product\/40141","targetHints":{"allow":["GET"]}}],"collection":[{"href":"https:\/\/agropartner.hu\/ro\/wp-json\/wp\/v2\/product"}],"about":[{"href":"https:\/\/agropartner.hu\/ro\/wp-json\/wp\/v2\/types\/product"}],"replies":[{"embeddable":true,"href":"https:\/\/agropartner.hu\/ro\/wp-json\/wp\/v2\/comments?post=40141"}],"wp:featuredmedia":[{"embeddable":true,"href":"https:\/\/agropartner.hu\/ro\/wp-json\/wp\/v2\/media\/34223"}],"wp:attachment":[{"href":"https:\/\/agropartner.hu\/ro\/wp-json\/wp\/v2\/media?parent=40141"}],"wp:term":[{"taxonomy":"product_brand","embeddable":true,"href":"https:\/\/agropartner.hu\/ro\/wp-json\/wp\/v2\/product_brand?post=40141"},{"taxonomy":"product_cat","embeddable":true,"href":"https:\/\/agropartner.hu\/ro\/wp-json\/wp\/v2\/product_cat?post=40141"},{"taxonomy":"product_tag","embeddable":true,"href":"https:\/\/agropartner.hu\/ro\/wp-json\/wp\/v2\/product_tag?post=40141"}],"curies":[{"name":"wp","href":"https:\/\/api.w.org\/{rel}","templated":true}]}}