{"id":40144,"date":"2025-05-22T14:18:44","date_gmt":"2025-05-22T12:18:44","guid":{"rendered":"https:\/\/agropartner.hu\/termek\/tractor-steyr-6170-cvt\/"},"modified":"2025-05-22T14:18:44","modified_gmt":"2025-05-22T12:18:44","slug":"tractor-steyr-6170-cvt","status":"publish","type":"product","link":"https:\/\/agropartner.hu\/ro\/produs\/tractor-steyr-6170-cvt\/","title":{"rendered":"Tractor Steyr 6170 CVT"},"content":{"rendered":"","protected":false},"excerpt":{"rendered":"<p>Motor FPT de 6,7 litri, cutie de viteze CVT 50km\/h, direc\u021bie automat\u0103 RTX cu semnal liber, ISOBUS, punte suspendat\u0103 + cabin\u0103 suspendat\u0103<\/p>\n","protected":false},"featured_media":33860,"comment_status":"open","ping_status":"closed","template":"","meta":{"_acf_changed":false},"product_brand":[],"product_cat":[88],"product_tag":[],"class_list":{"0":"post-40144","1":"product","2":"type-product","3":"status-publish","4":"has-post-thumbnail","6":"product_cat-tractor-ro","8":"first","9":"instock","10":"shipping-taxable","11":"purchasable","12":"product-type-simple"},"acf":[],"_links":{"self":[{"href":"https:\/\/agropartner.hu\/ro\/wp-json\/wp\/v2\/product\/40144","targetHints":{"allow":["GET"]}}],"collection":[{"href":"https:\/\/agropartner.hu\/ro\/wp-json\/wp\/v2\/product"}],"about":[{"href":"https:\/\/agropartner.hu\/ro\/wp-json\/wp\/v2\/types\/product"}],"replies":[{"embeddable":true,"href":"https:\/\/agropartner.hu\/ro\/wp-json\/wp\/v2\/comments?post=40144"}],"wp:featuredmedia":[{"embeddable":true,"href":"https:\/\/agropartner.hu\/ro\/wp-json\/wp\/v2\/media\/33860"}],"wp:attachment":[{"href":"https:\/\/agropartner.hu\/ro\/wp-json\/wp\/v2\/media?parent=40144"}],"wp:term":[{"taxonomy":"product_brand","embeddable":true,"href":"https:\/\/agropartner.hu\/ro\/wp-json\/wp\/v2\/product_brand?post=40144"},{"taxonomy":"product_cat","embeddable":true,"href":"https:\/\/agropartner.hu\/ro\/wp-json\/wp\/v2\/product_cat?post=40144"},{"taxonomy":"product_tag","embeddable":true,"href":"https:\/\/agropartner.hu\/ro\/wp-json\/wp\/v2\/product_tag?post=40144"}],"curies":[{"name":"wp","href":"https:\/\/api.w.org\/{rel}","templated":true}]}}