{"id":40149,"date":"2025-05-22T13:52:38","date_gmt":"2025-05-22T11:52:38","guid":{"rendered":"https:\/\/agropartner.hu\/termek\/tractor-john-deere-8320\/"},"modified":"2026-05-03T18:22:48","modified_gmt":"2026-05-03T16:22:48","slug":"tractor-john-deere-8320","status":"publish","type":"product","link":"https:\/\/agropartner.hu\/ro\/produs\/tractor-john-deere-8320\/","title":{"rendered":"Tractor John Deere 8320"},"content":{"rendered":"","protected":false},"excerpt":{"rendered":"<p>Cutie de viteze Powershift 16\/5, 40 km\/h, motor de 8,1 litri, 3 perechi de circuite hidraulice, fr\u00e2n\u0103 pneumatic\u0103 1+2 circuite, set de ro\u021bi duble spate, greutate pe nas, carburatoare NOI!<\/p>\n","protected":false},"featured_media":33503,"comment_status":"open","ping_status":"closed","template":"","meta":{"_acf_changed":false},"product_brand":[],"product_cat":[88],"product_tag":[],"class_list":{"0":"post-40149","1":"product","2":"type-product","3":"status-publish","4":"has-post-thumbnail","6":"product_cat-tractor-ro","8":"first","9":"instock","10":"shipping-taxable","11":"purchasable","12":"product-type-simple"},"acf":[],"_links":{"self":[{"href":"https:\/\/agropartner.hu\/ro\/wp-json\/wp\/v2\/product\/40149","targetHints":{"allow":["GET"]}}],"collection":[{"href":"https:\/\/agropartner.hu\/ro\/wp-json\/wp\/v2\/product"}],"about":[{"href":"https:\/\/agropartner.hu\/ro\/wp-json\/wp\/v2\/types\/product"}],"replies":[{"embeddable":true,"href":"https:\/\/agropartner.hu\/ro\/wp-json\/wp\/v2\/comments?post=40149"}],"wp:featuredmedia":[{"embeddable":true,"href":"https:\/\/agropartner.hu\/ro\/wp-json\/wp\/v2\/media\/33503"}],"wp:attachment":[{"href":"https:\/\/agropartner.hu\/ro\/wp-json\/wp\/v2\/media?parent=40149"}],"wp:term":[{"taxonomy":"product_brand","embeddable":true,"href":"https:\/\/agropartner.hu\/ro\/wp-json\/wp\/v2\/product_brand?post=40149"},{"taxonomy":"product_cat","embeddable":true,"href":"https:\/\/agropartner.hu\/ro\/wp-json\/wp\/v2\/product_cat?post=40149"},{"taxonomy":"product_tag","embeddable":true,"href":"https:\/\/agropartner.hu\/ro\/wp-json\/wp\/v2\/product_tag?post=40149"}],"curies":[{"name":"wp","href":"https:\/\/api.w.org\/{rel}","templated":true}]}}