{"id":40150,"date":"2025-05-22T13:42:10","date_gmt":"2025-05-22T11:42:10","guid":{"rendered":"https:\/\/agropartner.hu\/termek\/john-deere-8220-ils-tractor\/"},"modified":"2026-05-03T18:22:55","modified_gmt":"2026-05-03T16:22:55","slug":"john-deere-8220-ils-tractor","status":"publish","type":"product","link":"https:\/\/agropartner.hu\/ro\/produs\/john-deere-8220-ils-tractor\/","title":{"rendered":"Tractor John Deere 8220 ILS"},"content":{"rendered":"","protected":false},"excerpt":{"rendered":"<p>Cutie de viteze Powershift 16\/4, 40 km\/h, AutoTrac preg\u0103tit cu sistem ATU, ISOBUS, pod suspendat ILS, scaun activ, 4 perechi de circuite hidraulice, fr\u00e2n\u0103 pneumatic\u0103 1+2 circuite<\/p>\n","protected":false},"featured_media":33376,"comment_status":"open","ping_status":"closed","template":"","meta":{"_acf_changed":false},"product_brand":[],"product_cat":[88],"product_tag":[],"class_list":{"0":"post-40150","1":"product","2":"type-product","3":"status-publish","4":"has-post-thumbnail","6":"product_cat-tractor-ro","8":"first","9":"instock","10":"shipping-taxable","11":"purchasable","12":"product-type-simple"},"acf":[],"_links":{"self":[{"href":"https:\/\/agropartner.hu\/ro\/wp-json\/wp\/v2\/product\/40150","targetHints":{"allow":["GET"]}}],"collection":[{"href":"https:\/\/agropartner.hu\/ro\/wp-json\/wp\/v2\/product"}],"about":[{"href":"https:\/\/agropartner.hu\/ro\/wp-json\/wp\/v2\/types\/product"}],"replies":[{"embeddable":true,"href":"https:\/\/agropartner.hu\/ro\/wp-json\/wp\/v2\/comments?post=40150"}],"wp:featuredmedia":[{"embeddable":true,"href":"https:\/\/agropartner.hu\/ro\/wp-json\/wp\/v2\/media\/33376"}],"wp:attachment":[{"href":"https:\/\/agropartner.hu\/ro\/wp-json\/wp\/v2\/media?parent=40150"}],"wp:term":[{"taxonomy":"product_brand","embeddable":true,"href":"https:\/\/agropartner.hu\/ro\/wp-json\/wp\/v2\/product_brand?post=40150"},{"taxonomy":"product_cat","embeddable":true,"href":"https:\/\/agropartner.hu\/ro\/wp-json\/wp\/v2\/product_cat?post=40150"},{"taxonomy":"product_tag","embeddable":true,"href":"https:\/\/agropartner.hu\/ro\/wp-json\/wp\/v2\/product_tag?post=40150"}],"curies":[{"name":"wp","href":"https:\/\/api.w.org\/{rel}","templated":true}]}}