{"id":40279,"date":"2025-05-22T09:05:14","date_gmt":"2025-05-22T07:05:14","guid":{"rendered":"https:\/\/agropartner.hu\/termek\/claas-axion-810-cis-tractor\/"},"modified":"2025-05-22T09:05:14","modified_gmt":"2025-05-22T07:05:14","slug":"claas-axion-810-cis-tractor","status":"publish","type":"product","link":"https:\/\/agropartner.hu\/ro\/produs\/claas-axion-810-cis-tractor\/","title":{"rendered":"Claas Axion 810 CIS tractor"},"content":{"rendered":"","protected":false},"excerpt":{"rendered":"<p>Stare ca nou, cu PTO frontal, proprietar din Ungaria, pneuri Michelin. Transmisie Powershift 40km\/h, Suspensie ax\u0103 + cabin\u0103, fr\u00e2n\u0103 de aer circuit 1+2, preg\u0103tire direc\u021bie automat\u0103, monitor Claas <\/p>\n","protected":false},"featured_media":32184,"comment_status":"open","ping_status":"closed","template":"","meta":{"_acf_changed":false},"product_brand":[],"product_cat":[88],"product_tag":[],"class_list":{"0":"post-40279","1":"product","2":"type-product","3":"status-publish","4":"has-post-thumbnail","6":"product_cat-tractor-ro","8":"first","9":"instock","10":"shipping-taxable","11":"purchasable","12":"product-type-simple"},"acf":[],"_links":{"self":[{"href":"https:\/\/agropartner.hu\/ro\/wp-json\/wp\/v2\/product\/40279","targetHints":{"allow":["GET"]}}],"collection":[{"href":"https:\/\/agropartner.hu\/ro\/wp-json\/wp\/v2\/product"}],"about":[{"href":"https:\/\/agropartner.hu\/ro\/wp-json\/wp\/v2\/types\/product"}],"replies":[{"embeddable":true,"href":"https:\/\/agropartner.hu\/ro\/wp-json\/wp\/v2\/comments?post=40279"}],"wp:featuredmedia":[{"embeddable":true,"href":"https:\/\/agropartner.hu\/ro\/wp-json\/wp\/v2\/media\/32184"}],"wp:attachment":[{"href":"https:\/\/agropartner.hu\/ro\/wp-json\/wp\/v2\/media?parent=40279"}],"wp:term":[{"taxonomy":"product_brand","embeddable":true,"href":"https:\/\/agropartner.hu\/ro\/wp-json\/wp\/v2\/product_brand?post=40279"},{"taxonomy":"product_cat","embeddable":true,"href":"https:\/\/agropartner.hu\/ro\/wp-json\/wp\/v2\/product_cat?post=40279"},{"taxonomy":"product_tag","embeddable":true,"href":"https:\/\/agropartner.hu\/ro\/wp-json\/wp\/v2\/product_tag?post=40279"}],"curies":[{"name":"wp","href":"https:\/\/api.w.org\/{rel}","templated":true}]}}