{"id":40283,"date":"2025-05-23T10:07:40","date_gmt":"2025-05-23T08:07:40","guid":{"rendered":"https:\/\/agropartner.hu\/termek\/tractor-zetor-proxima-plus-100\/"},"modified":"2026-05-03T18:22:28","modified_gmt":"2026-05-03T16:22:28","slug":"tractor-zetor-proxima-plus-100","status":"publish","type":"product","link":"https:\/\/agropartner.hu\/ro\/produs\/tractor-zetor-proxima-plus-100\/","title":{"rendered":"Tractor Zetor Proxima Plus 100"},"content":{"rendered":"","protected":false},"excerpt":{"rendered":"<p>Cutie de viteze Powershift 32\/32, 40km\/h, aer condi\u021bionat, fr\u00e2ne pneumatice 1+2 circuite, greutatea nasului + greutatea ro\u021bilor, \u00eenc\u0103rc\u0103tor frontal Trac-Lift TL220, jante reglabile<\/p>\n","protected":false},"featured_media":34699,"comment_status":"open","ping_status":"closed","template":"","meta":{"_acf_changed":false},"product_brand":[],"product_cat":[88],"product_tag":[],"class_list":{"0":"post-40283","1":"product","2":"type-product","3":"status-publish","4":"has-post-thumbnail","6":"product_cat-tractor-ro","8":"first","9":"instock","10":"shipping-taxable","11":"purchasable","12":"product-type-simple"},"acf":[],"_links":{"self":[{"href":"https:\/\/agropartner.hu\/ro\/wp-json\/wp\/v2\/product\/40283","targetHints":{"allow":["GET"]}}],"collection":[{"href":"https:\/\/agropartner.hu\/ro\/wp-json\/wp\/v2\/product"}],"about":[{"href":"https:\/\/agropartner.hu\/ro\/wp-json\/wp\/v2\/types\/product"}],"replies":[{"embeddable":true,"href":"https:\/\/agropartner.hu\/ro\/wp-json\/wp\/v2\/comments?post=40283"}],"wp:featuredmedia":[{"embeddable":true,"href":"https:\/\/agropartner.hu\/ro\/wp-json\/wp\/v2\/media\/34699"}],"wp:attachment":[{"href":"https:\/\/agropartner.hu\/ro\/wp-json\/wp\/v2\/media?parent=40283"}],"wp:term":[{"taxonomy":"product_brand","embeddable":true,"href":"https:\/\/agropartner.hu\/ro\/wp-json\/wp\/v2\/product_brand?post=40283"},{"taxonomy":"product_cat","embeddable":true,"href":"https:\/\/agropartner.hu\/ro\/wp-json\/wp\/v2\/product_cat?post=40283"},{"taxonomy":"product_tag","embeddable":true,"href":"https:\/\/agropartner.hu\/ro\/wp-json\/wp\/v2\/product_tag?post=40283"}],"curies":[{"name":"wp","href":"https:\/\/api.w.org\/{rel}","templated":true}]}}