{"id":40288,"date":"2025-08-05T09:20:46","date_gmt":"2025-08-05T07:20:46","guid":{"rendered":"https:\/\/agropartner.hu\/termek\/everun-er20\/"},"modified":"2025-08-05T09:20:46","modified_gmt":"2025-08-05T07:20:46","slug":"everun-er20","status":"publish","type":"product","link":"https:\/\/agropartner.hu\/ro\/produs\/everun-er20\/","title":{"rendered":"Everun ER20"},"content":{"rendered":"","protected":false},"excerpt":{"rendered":"<p>\u00cen\u0103l\u021bime de ridicare de 4,45 m, capacitate de \u00eenc\u0103rcare de 2.000 kg, comand\u0103 prin joystick, aer condi\u021bionat, furc\u0103 pentru pale\u021bi, furc\u0103 pentru gunoi de grajd \u0219i cup\u0103 pentru recolt\u0103<\/p>\n","protected":false},"featured_media":37367,"comment_status":"open","ping_status":"closed","template":"","meta":{"_acf_changed":false},"product_brand":[],"product_cat":[89],"product_tag":[],"class_list":{"0":"post-40288","1":"product","2":"type-product","3":"status-publish","4":"has-post-thumbnail","6":"product_cat-masina-de-incarcat","8":"first","9":"instock","10":"shipping-taxable","11":"purchasable","12":"product-type-simple"},"acf":[],"_links":{"self":[{"href":"https:\/\/agropartner.hu\/ro\/wp-json\/wp\/v2\/product\/40288","targetHints":{"allow":["GET"]}}],"collection":[{"href":"https:\/\/agropartner.hu\/ro\/wp-json\/wp\/v2\/product"}],"about":[{"href":"https:\/\/agropartner.hu\/ro\/wp-json\/wp\/v2\/types\/product"}],"replies":[{"embeddable":true,"href":"https:\/\/agropartner.hu\/ro\/wp-json\/wp\/v2\/comments?post=40288"}],"wp:featuredmedia":[{"embeddable":true,"href":"https:\/\/agropartner.hu\/ro\/wp-json\/wp\/v2\/media\/37367"}],"wp:attachment":[{"href":"https:\/\/agropartner.hu\/ro\/wp-json\/wp\/v2\/media?parent=40288"}],"wp:term":[{"taxonomy":"product_brand","embeddable":true,"href":"https:\/\/agropartner.hu\/ro\/wp-json\/wp\/v2\/product_brand?post=40288"},{"taxonomy":"product_cat","embeddable":true,"href":"https:\/\/agropartner.hu\/ro\/wp-json\/wp\/v2\/product_cat?post=40288"},{"taxonomy":"product_tag","embeddable":true,"href":"https:\/\/agropartner.hu\/ro\/wp-json\/wp\/v2\/product_tag?post=40288"}],"curies":[{"name":"wp","href":"https:\/\/api.w.org\/{rel}","templated":true}]}}