{"id":40289,"date":"2025-10-14T13:57:15","date_gmt":"2025-10-14T11:57:15","guid":{"rendered":"https:\/\/agropartner.hu\/termek\/new-holland-4-6\/"},"modified":"2025-10-14T13:57:15","modified_gmt":"2025-10-14T11:57:15","slug":"new-holland-4-6","status":"publish","type":"product","link":"https:\/\/agropartner.hu\/ro\/produs\/new-holland-4-6\/","title":{"rendered":"New Holland 4.6"},"content":{"rendered":"","protected":false},"excerpt":{"rendered":"<p>Aer condi\u021bionat, utilaj unguresc, cuplaj rapid, picior de sprijin + lam\u0103 buldozer, 2 perechi de circuite hidraulice, anvelope bune, cu motor renovat, num\u0103r de \u00eenmatriculare ro\u0219u<\/p>\n","protected":false},"featured_media":39650,"comment_status":"closed","ping_status":"closed","template":"","meta":{"_acf_changed":false},"product_brand":[],"product_cat":[90],"product_tag":[],"class_list":{"0":"post-40289","1":"product","2":"type-product","3":"status-publish","4":"has-post-thumbnail","6":"product_cat-masina-de-lucru","8":"first","9":"instock","10":"shipping-taxable","11":"purchasable","12":"product-type-simple"},"acf":[],"_links":{"self":[{"href":"https:\/\/agropartner.hu\/ro\/wp-json\/wp\/v2\/product\/40289","targetHints":{"allow":["GET"]}}],"collection":[{"href":"https:\/\/agropartner.hu\/ro\/wp-json\/wp\/v2\/product"}],"about":[{"href":"https:\/\/agropartner.hu\/ro\/wp-json\/wp\/v2\/types\/product"}],"replies":[{"embeddable":true,"href":"https:\/\/agropartner.hu\/ro\/wp-json\/wp\/v2\/comments?post=40289"}],"wp:featuredmedia":[{"embeddable":true,"href":"https:\/\/agropartner.hu\/ro\/wp-json\/wp\/v2\/media\/39650"}],"wp:attachment":[{"href":"https:\/\/agropartner.hu\/ro\/wp-json\/wp\/v2\/media?parent=40289"}],"wp:term":[{"taxonomy":"product_brand","embeddable":true,"href":"https:\/\/agropartner.hu\/ro\/wp-json\/wp\/v2\/product_brand?post=40289"},{"taxonomy":"product_cat","embeddable":true,"href":"https:\/\/agropartner.hu\/ro\/wp-json\/wp\/v2\/product_cat?post=40289"},{"taxonomy":"product_tag","embeddable":true,"href":"https:\/\/agropartner.hu\/ro\/wp-json\/wp\/v2\/product_tag?post=40289"}],"curies":[{"name":"wp","href":"https:\/\/api.w.org\/{rel}","templated":true}]}}