{"id":40294,"date":"2025-05-20T13:05:16","date_gmt":"2025-05-20T11:05:16","guid":{"rendered":"https:\/\/agropartner.hu\/termek\/combina-john-deere-w650\/"},"modified":"2026-05-03T18:23:05","modified_gmt":"2026-05-03T16:23:05","slug":"combina-john-deere-w650","status":"publish","type":"product","link":"https:\/\/agropartner.hu\/ro\/produs\/combina-john-deere-w650\/","title":{"rendered":"Combina John Deere W650"},"content":{"rendered":"","protected":false},"excerpt":{"rendered":"<p>6 l\u0103zi, motor de 9 litri, dezumflare tambur, mas\u0103 de t\u0103iere JD 620R (6,1m) + c\u0103rucior de transport, raclet\u0103, anvelope Michelin, pl\u0103cu\u021b\u0103 de \u00eenmatriculare ro\u0219ie<\/p>\n","protected":false},"featured_media":30903,"comment_status":"open","ping_status":"closed","template":"","meta":{"_acf_changed":false},"product_brand":[],"product_cat":[91],"product_tag":[],"class_list":{"0":"post-40294","1":"product","2":"type-product","3":"status-publish","4":"has-post-thumbnail","6":"product_cat-combinate","8":"first","9":"instock","10":"shipping-taxable","11":"purchasable","12":"product-type-simple"},"acf":[],"_links":{"self":[{"href":"https:\/\/agropartner.hu\/ro\/wp-json\/wp\/v2\/product\/40294","targetHints":{"allow":["GET"]}}],"collection":[{"href":"https:\/\/agropartner.hu\/ro\/wp-json\/wp\/v2\/product"}],"about":[{"href":"https:\/\/agropartner.hu\/ro\/wp-json\/wp\/v2\/types\/product"}],"replies":[{"embeddable":true,"href":"https:\/\/agropartner.hu\/ro\/wp-json\/wp\/v2\/comments?post=40294"}],"wp:featuredmedia":[{"embeddable":true,"href":"https:\/\/agropartner.hu\/ro\/wp-json\/wp\/v2\/media\/30903"}],"wp:attachment":[{"href":"https:\/\/agropartner.hu\/ro\/wp-json\/wp\/v2\/media?parent=40294"}],"wp:term":[{"taxonomy":"product_brand","embeddable":true,"href":"https:\/\/agropartner.hu\/ro\/wp-json\/wp\/v2\/product_brand?post=40294"},{"taxonomy":"product_cat","embeddable":true,"href":"https:\/\/agropartner.hu\/ro\/wp-json\/wp\/v2\/product_cat?post=40294"},{"taxonomy":"product_tag","embeddable":true,"href":"https:\/\/agropartner.hu\/ro\/wp-json\/wp\/v2\/product_tag?post=40294"}],"curies":[{"name":"wp","href":"https:\/\/api.w.org\/{rel}","templated":true}]}}