{"id":40295,"date":"2025-05-20T10:07:27","date_gmt":"2025-05-20T08:07:27","guid":{"rendered":"https:\/\/agropartner.hu\/termek\/claas-lexion-750\/"},"modified":"2025-05-20T10:07:27","modified_gmt":"2025-05-20T08:07:27","slug":"claas-lexion-750","status":"publish","type":"product","link":"https:\/\/agropartner.hu\/ro\/produs\/claas-lexion-750\/","title":{"rendered":"Claas Lexion 750"},"content":{"rendered":"","protected":false},"excerpt":{"rendered":"<p>Motor Mercedes, 25 km\/h, heder p\u0103ioas\u0103 V770 cu coas\u0103 lateral\u0103, direc\u021bie automat\u0103, quanti- \u0219i hidrometru<\/p>\n","protected":false},"featured_media":30137,"comment_status":"open","ping_status":"closed","template":"","meta":{"_acf_changed":false},"product_brand":[],"product_cat":[91],"product_tag":[],"class_list":{"0":"post-40295","1":"product","2":"type-product","3":"status-publish","4":"has-post-thumbnail","6":"product_cat-combinate","8":"first","9":"instock","10":"shipping-taxable","11":"purchasable","12":"product-type-simple"},"acf":[],"_links":{"self":[{"href":"https:\/\/agropartner.hu\/ro\/wp-json\/wp\/v2\/product\/40295","targetHints":{"allow":["GET"]}}],"collection":[{"href":"https:\/\/agropartner.hu\/ro\/wp-json\/wp\/v2\/product"}],"about":[{"href":"https:\/\/agropartner.hu\/ro\/wp-json\/wp\/v2\/types\/product"}],"replies":[{"embeddable":true,"href":"https:\/\/agropartner.hu\/ro\/wp-json\/wp\/v2\/comments?post=40295"}],"wp:featuredmedia":[{"embeddable":true,"href":"https:\/\/agropartner.hu\/ro\/wp-json\/wp\/v2\/media\/30137"}],"wp:attachment":[{"href":"https:\/\/agropartner.hu\/ro\/wp-json\/wp\/v2\/media?parent=40295"}],"wp:term":[{"taxonomy":"product_brand","embeddable":true,"href":"https:\/\/agropartner.hu\/ro\/wp-json\/wp\/v2\/product_brand?post=40295"},{"taxonomy":"product_cat","embeddable":true,"href":"https:\/\/agropartner.hu\/ro\/wp-json\/wp\/v2\/product_cat?post=40295"},{"taxonomy":"product_tag","embeddable":true,"href":"https:\/\/agropartner.hu\/ro\/wp-json\/wp\/v2\/product_tag?post=40295"}],"curies":[{"name":"wp","href":"https:\/\/api.w.org\/{rel}","templated":true}]}}