{"id":40297,"date":"2025-10-14T14:17:44","date_gmt":"2025-10-14T12:17:44","guid":{"rendered":"https:\/\/agropartner.hu\/termek\/claas-lexion-550\/"},"modified":"2025-10-14T14:17:44","modified_gmt":"2025-10-14T12:17:44","slug":"claas-lexion-550","status":"publish","type":"product","link":"https:\/\/agropartner.hu\/ro\/produs\/claas-lexion-550\/","title":{"rendered":"Claas Lexion 550"},"content":{"rendered":"","protected":false},"excerpt":{"rendered":"<p>Motor CAT C9, 4&#215;4, retarder cu tambur \u00een dou\u0103 trepte, ecran 3D, mas\u0103 C600 + c\u0103rucior, toc\u0103tor <\/p>\n","protected":false},"featured_media":39771,"comment_status":"closed","ping_status":"closed","template":"","meta":{"_acf_changed":false},"product_brand":[],"product_cat":[91],"product_tag":[],"class_list":{"0":"post-40297","1":"product","2":"type-product","3":"status-publish","4":"has-post-thumbnail","6":"product_cat-combinate","8":"first","9":"instock","10":"shipping-taxable","11":"purchasable","12":"product-type-simple"},"acf":[],"_links":{"self":[{"href":"https:\/\/agropartner.hu\/ro\/wp-json\/wp\/v2\/product\/40297","targetHints":{"allow":["GET"]}}],"collection":[{"href":"https:\/\/agropartner.hu\/ro\/wp-json\/wp\/v2\/product"}],"about":[{"href":"https:\/\/agropartner.hu\/ro\/wp-json\/wp\/v2\/types\/product"}],"replies":[{"embeddable":true,"href":"https:\/\/agropartner.hu\/ro\/wp-json\/wp\/v2\/comments?post=40297"}],"wp:featuredmedia":[{"embeddable":true,"href":"https:\/\/agropartner.hu\/ro\/wp-json\/wp\/v2\/media\/39771"}],"wp:attachment":[{"href":"https:\/\/agropartner.hu\/ro\/wp-json\/wp\/v2\/media?parent=40297"}],"wp:term":[{"taxonomy":"product_brand","embeddable":true,"href":"https:\/\/agropartner.hu\/ro\/wp-json\/wp\/v2\/product_brand?post=40297"},{"taxonomy":"product_cat","embeddable":true,"href":"https:\/\/agropartner.hu\/ro\/wp-json\/wp\/v2\/product_cat?post=40297"},{"taxonomy":"product_tag","embeddable":true,"href":"https:\/\/agropartner.hu\/ro\/wp-json\/wp\/v2\/product_tag?post=40297"}],"curies":[{"name":"wp","href":"https:\/\/api.w.org\/{rel}","templated":true}]}}