{"id":40300,"date":"2025-05-20T08:54:32","date_gmt":"2025-05-20T06:54:32","guid":{"rendered":"https:\/\/agropartner.hu\/termek\/ropa-euro-tiger\/"},"modified":"2025-05-20T08:54:32","modified_gmt":"2025-05-20T06:54:32","slug":"ropa-euro-tiger","status":"publish","type":"product","link":"https:\/\/agropartner.hu\/ro\/produs\/ropa-euro-tiger\/","title":{"rendered":"Ropa Euro Tiger"},"content":{"rendered":"","protected":false},"excerpt":{"rendered":"<p>Motor MAN de 500 CP, adaptor FIX pentru recoltatoare cu 6 r\u00e2nduri \u0219i distan\u021b\u0103 \u00eentre r\u00e2nduri de 45 cm, 3 moduri de direc\u021bie, urm\u0103ritor automat al r\u00e2ndurilor, gresator automat, compresor de aer, num\u0103r de \u00eenmatriculare!<\/p>\n","protected":false},"featured_media":29531,"comment_status":"open","ping_status":"closed","template":"","meta":{"_acf_changed":false},"product_brand":[],"product_cat":[91],"product_tag":[],"class_list":{"0":"post-40300","1":"product","2":"type-product","3":"status-publish","4":"has-post-thumbnail","6":"product_cat-combinate","8":"first","9":"instock","10":"shipping-taxable","11":"purchasable","12":"product-type-simple"},"acf":[],"_links":{"self":[{"href":"https:\/\/agropartner.hu\/ro\/wp-json\/wp\/v2\/product\/40300","targetHints":{"allow":["GET"]}}],"collection":[{"href":"https:\/\/agropartner.hu\/ro\/wp-json\/wp\/v2\/product"}],"about":[{"href":"https:\/\/agropartner.hu\/ro\/wp-json\/wp\/v2\/types\/product"}],"replies":[{"embeddable":true,"href":"https:\/\/agropartner.hu\/ro\/wp-json\/wp\/v2\/comments?post=40300"}],"wp:featuredmedia":[{"embeddable":true,"href":"https:\/\/agropartner.hu\/ro\/wp-json\/wp\/v2\/media\/29531"}],"wp:attachment":[{"href":"https:\/\/agropartner.hu\/ro\/wp-json\/wp\/v2\/media?parent=40300"}],"wp:term":[{"taxonomy":"product_brand","embeddable":true,"href":"https:\/\/agropartner.hu\/ro\/wp-json\/wp\/v2\/product_brand?post=40300"},{"taxonomy":"product_cat","embeddable":true,"href":"https:\/\/agropartner.hu\/ro\/wp-json\/wp\/v2\/product_cat?post=40300"},{"taxonomy":"product_tag","embeddable":true,"href":"https:\/\/agropartner.hu\/ro\/wp-json\/wp\/v2\/product_tag?post=40300"}],"curies":[{"name":"wp","href":"https:\/\/api.w.org\/{rel}","templated":true}]}}