{"id":40325,"date":"2025-05-14T15:34:30","date_gmt":"2025-05-14T13:34:30","guid":{"rendered":"https:\/\/agropartner.hu\/termek\/amazone-citan-9000\/"},"modified":"2025-05-14T15:34:30","modified_gmt":"2025-05-14T13:34:30","slug":"amazone-citan-9000","status":"publish","type":"product","link":"https:\/\/agropartner.hu\/ro\/produs\/amazone-citan-9000\/","title":{"rendered":"Amazone Citan 9000"},"content":{"rendered":"","protected":false},"excerpt":{"rendered":"<p>Cump\u0103r \u00een leasing cu avans de 10% + TVA! Rezervor de 9 m, 5000 l, monitor Analog+, comutare linie tehnologic\u0103, trac\u021biune pe ro\u021bile de teren!<\/p>\n","protected":false},"featured_media":27660,"comment_status":"open","ping_status":"closed","template":"","meta":{"_acf_changed":false},"product_brand":[],"product_cat":[90],"product_tag":[],"class_list":{"0":"post-40325","1":"product","2":"type-product","3":"status-publish","4":"has-post-thumbnail","6":"product_cat-masina-de-lucru","8":"first","9":"instock","10":"shipping-taxable","11":"purchasable","12":"product-type-simple"},"acf":[],"_links":{"self":[{"href":"https:\/\/agropartner.hu\/ro\/wp-json\/wp\/v2\/product\/40325","targetHints":{"allow":["GET"]}}],"collection":[{"href":"https:\/\/agropartner.hu\/ro\/wp-json\/wp\/v2\/product"}],"about":[{"href":"https:\/\/agropartner.hu\/ro\/wp-json\/wp\/v2\/types\/product"}],"replies":[{"embeddable":true,"href":"https:\/\/agropartner.hu\/ro\/wp-json\/wp\/v2\/comments?post=40325"}],"wp:featuredmedia":[{"embeddable":true,"href":"https:\/\/agropartner.hu\/ro\/wp-json\/wp\/v2\/media\/27660"}],"wp:attachment":[{"href":"https:\/\/agropartner.hu\/ro\/wp-json\/wp\/v2\/media?parent=40325"}],"wp:term":[{"taxonomy":"product_brand","embeddable":true,"href":"https:\/\/agropartner.hu\/ro\/wp-json\/wp\/v2\/product_brand?post=40325"},{"taxonomy":"product_cat","embeddable":true,"href":"https:\/\/agropartner.hu\/ro\/wp-json\/wp\/v2\/product_cat?post=40325"},{"taxonomy":"product_tag","embeddable":true,"href":"https:\/\/agropartner.hu\/ro\/wp-json\/wp\/v2\/product_tag?post=40325"}],"curies":[{"name":"wp","href":"https:\/\/api.w.org\/{rel}","templated":true}]}}