{"id":40326,"date":"2025-08-05T09:28:09","date_gmt":"2025-08-05T07:28:09","guid":{"rendered":"https:\/\/agropartner.hu\/termek\/gaspardo-st300-540\/"},"modified":"2025-08-05T09:28:09","modified_gmt":"2025-08-05T07:28:09","slug":"gaspardo-st300-540","status":"publish","type":"product","link":"https:\/\/agropartner.hu\/ro\/produs\/gaspardo-st300-540\/","title":{"rendered":"Gaspardo ST300\/540"},"content":{"rendered":"","protected":false},"excerpt":{"rendered":"<p>Br\u0103zdar pneumatic cu 6 r\u00e2nduri, cu alunecare, l\u0103\u021bime de lucru de 3 m, rezervor metalic de \u00eengr\u0103\u0219\u0103m\u00e2nt de 1000 l, cu monitor de control al sem\u0103natului<\/p>\n","protected":false},"featured_media":37485,"comment_status":"open","ping_status":"closed","template":"","meta":{"_acf_changed":false},"product_brand":[],"product_cat":[90],"product_tag":[],"class_list":{"0":"post-40326","1":"product","2":"type-product","3":"status-publish","4":"has-post-thumbnail","6":"product_cat-masina-de-lucru","8":"first","9":"instock","10":"shipping-taxable","11":"purchasable","12":"product-type-simple"},"acf":[],"_links":{"self":[{"href":"https:\/\/agropartner.hu\/ro\/wp-json\/wp\/v2\/product\/40326","targetHints":{"allow":["GET"]}}],"collection":[{"href":"https:\/\/agropartner.hu\/ro\/wp-json\/wp\/v2\/product"}],"about":[{"href":"https:\/\/agropartner.hu\/ro\/wp-json\/wp\/v2\/types\/product"}],"replies":[{"embeddable":true,"href":"https:\/\/agropartner.hu\/ro\/wp-json\/wp\/v2\/comments?post=40326"}],"wp:featuredmedia":[{"embeddable":true,"href":"https:\/\/agropartner.hu\/ro\/wp-json\/wp\/v2\/media\/37485"}],"wp:attachment":[{"href":"https:\/\/agropartner.hu\/ro\/wp-json\/wp\/v2\/media?parent=40326"}],"wp:term":[{"taxonomy":"product_brand","embeddable":true,"href":"https:\/\/agropartner.hu\/ro\/wp-json\/wp\/v2\/product_brand?post=40326"},{"taxonomy":"product_cat","embeddable":true,"href":"https:\/\/agropartner.hu\/ro\/wp-json\/wp\/v2\/product_cat?post=40326"},{"taxonomy":"product_tag","embeddable":true,"href":"https:\/\/agropartner.hu\/ro\/wp-json\/wp\/v2\/product_tag?post=40326"}],"curies":[{"name":"wp","href":"https:\/\/api.w.org\/{rel}","templated":true}]}}