{"id":40328,"date":"2025-05-14T15:25:21","date_gmt":"2025-05-14T13:25:21","guid":{"rendered":"https:\/\/agropartner.hu\/termek\/john-deere-1760\/"},"modified":"2025-05-14T15:25:21","modified_gmt":"2025-05-14T13:25:21","slug":"john-deere-1760","status":"publish","type":"product","link":"https:\/\/agropartner.hu\/ro\/produs\/john-deere-1760\/","title":{"rendered":"John Deere 1760"},"content":{"rendered":"","protected":false},"excerpt":{"rendered":"<p>Sem\u0103n\u0103toare de precizie tractat\u0103 pe 12 r\u00e2nduri, ac\u021bionare mecanic\u0103 dubl\u0103 (6-6 r\u00e2nduri), kit ESET, cadru rabatabil, disc de sem\u0103nat porumb \u0219i floarea-soarelui<\/p>\n","protected":false},"featured_media":27539,"comment_status":"open","ping_status":"closed","template":"","meta":{"_acf_changed":false},"product_brand":[],"product_cat":[90],"product_tag":[],"class_list":{"0":"post-40328","1":"product","2":"type-product","3":"status-publish","4":"has-post-thumbnail","6":"product_cat-masina-de-lucru","8":"first","9":"instock","10":"shipping-taxable","11":"purchasable","12":"product-type-simple"},"acf":[],"_links":{"self":[{"href":"https:\/\/agropartner.hu\/ro\/wp-json\/wp\/v2\/product\/40328","targetHints":{"allow":["GET"]}}],"collection":[{"href":"https:\/\/agropartner.hu\/ro\/wp-json\/wp\/v2\/product"}],"about":[{"href":"https:\/\/agropartner.hu\/ro\/wp-json\/wp\/v2\/types\/product"}],"replies":[{"embeddable":true,"href":"https:\/\/agropartner.hu\/ro\/wp-json\/wp\/v2\/comments?post=40328"}],"wp:featuredmedia":[{"embeddable":true,"href":"https:\/\/agropartner.hu\/ro\/wp-json\/wp\/v2\/media\/27539"}],"wp:attachment":[{"href":"https:\/\/agropartner.hu\/ro\/wp-json\/wp\/v2\/media?parent=40328"}],"wp:term":[{"taxonomy":"product_brand","embeddable":true,"href":"https:\/\/agropartner.hu\/ro\/wp-json\/wp\/v2\/product_brand?post=40328"},{"taxonomy":"product_cat","embeddable":true,"href":"https:\/\/agropartner.hu\/ro\/wp-json\/wp\/v2\/product_cat?post=40328"},{"taxonomy":"product_tag","embeddable":true,"href":"https:\/\/agropartner.hu\/ro\/wp-json\/wp\/v2\/product_tag?post=40328"}],"curies":[{"name":"wp","href":"https:\/\/api.w.org\/{rel}","templated":true}]}}