{"id":40330,"date":"2025-05-14T14:55:16","date_gmt":"2025-05-14T12:55:16","guid":{"rendered":"https:\/\/agropartner.hu\/termek\/vaderstad-rapid-a-600c\/"},"modified":"2025-05-14T14:55:16","modified_gmt":"2025-05-14T12:55:16","slug":"vaderstad-rapid-a-600c","status":"publish","type":"product","link":"https:\/\/agropartner.hu\/ro\/produs\/vaderstad-rapid-a-600c\/","title":{"rendered":"V\u00e4derstad Rapid A 600C"},"content":{"rendered":"","protected":false},"excerpt":{"rendered":"<p>6 m, 48 de r\u00e2nduri, BioDrill 360, bunc\u0103r de semin\u021be divizibil de 6000 litri, Seed Eye, E-Control, ISOBUS, IDC, 953 hectare!  <\/p>\n","protected":false},"featured_media":27179,"comment_status":"open","ping_status":"closed","template":"","meta":{"_acf_changed":false},"product_brand":[],"product_cat":[90],"product_tag":[],"class_list":{"0":"post-40330","1":"product","2":"type-product","3":"status-publish","4":"has-post-thumbnail","6":"product_cat-masina-de-lucru","8":"first","9":"instock","10":"sale","11":"shipping-taxable","12":"purchasable","13":"product-type-simple"},"acf":[],"_links":{"self":[{"href":"https:\/\/agropartner.hu\/ro\/wp-json\/wp\/v2\/product\/40330","targetHints":{"allow":["GET"]}}],"collection":[{"href":"https:\/\/agropartner.hu\/ro\/wp-json\/wp\/v2\/product"}],"about":[{"href":"https:\/\/agropartner.hu\/ro\/wp-json\/wp\/v2\/types\/product"}],"replies":[{"embeddable":true,"href":"https:\/\/agropartner.hu\/ro\/wp-json\/wp\/v2\/comments?post=40330"}],"wp:featuredmedia":[{"embeddable":true,"href":"https:\/\/agropartner.hu\/ro\/wp-json\/wp\/v2\/media\/27179"}],"wp:attachment":[{"href":"https:\/\/agropartner.hu\/ro\/wp-json\/wp\/v2\/media?parent=40330"}],"wp:term":[{"taxonomy":"product_brand","embeddable":true,"href":"https:\/\/agropartner.hu\/ro\/wp-json\/wp\/v2\/product_brand?post=40330"},{"taxonomy":"product_cat","embeddable":true,"href":"https:\/\/agropartner.hu\/ro\/wp-json\/wp\/v2\/product_cat?post=40330"},{"taxonomy":"product_tag","embeddable":true,"href":"https:\/\/agropartner.hu\/ro\/wp-json\/wp\/v2\/product_tag?post=40330"}],"curies":[{"name":"wp","href":"https:\/\/api.w.org\/{rel}","templated":true}]}}