{"id":40332,"date":"2025-05-14T14:10:54","date_gmt":"2025-05-14T12:10:54","guid":{"rendered":"https:\/\/agropartner.hu\/termek\/bednar-actros-ro-4000r\/"},"modified":"2025-05-14T14:10:54","modified_gmt":"2025-05-14T12:10:54","slug":"bednar-actros-ro-4000r","status":"publish","type":"product","link":"https:\/\/agropartner.hu\/ro\/produs\/bednar-actros-ro-4000r\/","title":{"rendered":"Bednar Actros RO 4000R"},"content":{"rendered":"","protected":false},"excerpt":{"rendered":"<p>Cultivator cu o l\u0103\u021bime de lucru de 3,8 metri, discuri de 690\u00d76 mm, r\u00e2nd de t\u0103v\u0103lugi inelari \u00een \u201eU\u201d, putere minim\u0103 necesar\u0103 200 CP. Stare CA NOU\u0102! <\/p>\n","protected":false},"featured_media":26749,"comment_status":"open","ping_status":"closed","template":"","meta":{"_acf_changed":false},"product_brand":[],"product_cat":[90],"product_tag":[],"class_list":{"0":"post-40332","1":"product","2":"type-product","3":"status-publish","4":"has-post-thumbnail","6":"product_cat-masina-de-lucru","8":"first","9":"instock","10":"shipping-taxable","11":"purchasable","12":"product-type-simple"},"acf":[],"_links":{"self":[{"href":"https:\/\/agropartner.hu\/ro\/wp-json\/wp\/v2\/product\/40332","targetHints":{"allow":["GET"]}}],"collection":[{"href":"https:\/\/agropartner.hu\/ro\/wp-json\/wp\/v2\/product"}],"about":[{"href":"https:\/\/agropartner.hu\/ro\/wp-json\/wp\/v2\/types\/product"}],"replies":[{"embeddable":true,"href":"https:\/\/agropartner.hu\/ro\/wp-json\/wp\/v2\/comments?post=40332"}],"wp:featuredmedia":[{"embeddable":true,"href":"https:\/\/agropartner.hu\/ro\/wp-json\/wp\/v2\/media\/26749"}],"wp:attachment":[{"href":"https:\/\/agropartner.hu\/ro\/wp-json\/wp\/v2\/media?parent=40332"}],"wp:term":[{"taxonomy":"product_brand","embeddable":true,"href":"https:\/\/agropartner.hu\/ro\/wp-json\/wp\/v2\/product_brand?post=40332"},{"taxonomy":"product_cat","embeddable":true,"href":"https:\/\/agropartner.hu\/ro\/wp-json\/wp\/v2\/product_cat?post=40332"},{"taxonomy":"product_tag","embeddable":true,"href":"https:\/\/agropartner.hu\/ro\/wp-json\/wp\/v2\/product_tag?post=40332"}],"curies":[{"name":"wp","href":"https:\/\/api.w.org\/{rel}","templated":true}]}}