{"id":40333,"date":"2025-05-14T14:04:01","date_gmt":"2025-05-14T12:04:01","guid":{"rendered":"https:\/\/agropartner.hu\/termek\/kuhn-cultimer-l4000\/"},"modified":"2025-05-14T14:04:01","modified_gmt":"2025-05-14T12:04:01","slug":"kuhn-cultimer-l4000","status":"publish","type":"product","link":"https:\/\/agropartner.hu\/ro\/produs\/kuhn-cultimer-l4000\/","title":{"rendered":"Kuhn Cultimer L4000"},"content":{"rendered":"","protected":false},"excerpt":{"rendered":"<p>L\u0103\u021bime de lucru 4m, putere minim\u0103 necesar\u0103: 160 CP, Num\u0103r de din\u021bi: 13, Ro\u021bi de transport: dimensiune 520\/50-17 \u0219i cu suspensie, \u00cen\u0103l\u021bime grind\u0103: (cm) 85 <\/p>\n","protected":false},"featured_media":26628,"comment_status":"open","ping_status":"closed","template":"","meta":{"_acf_changed":false},"product_brand":[],"product_cat":[90],"product_tag":[],"class_list":{"0":"post-40333","1":"product","2":"type-product","3":"status-publish","4":"has-post-thumbnail","6":"product_cat-masina-de-lucru","8":"first","9":"instock","10":"shipping-taxable","11":"purchasable","12":"product-type-simple"},"acf":[],"_links":{"self":[{"href":"https:\/\/agropartner.hu\/ro\/wp-json\/wp\/v2\/product\/40333","targetHints":{"allow":["GET"]}}],"collection":[{"href":"https:\/\/agropartner.hu\/ro\/wp-json\/wp\/v2\/product"}],"about":[{"href":"https:\/\/agropartner.hu\/ro\/wp-json\/wp\/v2\/types\/product"}],"replies":[{"embeddable":true,"href":"https:\/\/agropartner.hu\/ro\/wp-json\/wp\/v2\/comments?post=40333"}],"wp:featuredmedia":[{"embeddable":true,"href":"https:\/\/agropartner.hu\/ro\/wp-json\/wp\/v2\/media\/26628"}],"wp:attachment":[{"href":"https:\/\/agropartner.hu\/ro\/wp-json\/wp\/v2\/media?parent=40333"}],"wp:term":[{"taxonomy":"product_brand","embeddable":true,"href":"https:\/\/agropartner.hu\/ro\/wp-json\/wp\/v2\/product_brand?post=40333"},{"taxonomy":"product_cat","embeddable":true,"href":"https:\/\/agropartner.hu\/ro\/wp-json\/wp\/v2\/product_cat?post=40333"},{"taxonomy":"product_tag","embeddable":true,"href":"https:\/\/agropartner.hu\/ro\/wp-json\/wp\/v2\/product_tag?post=40333"}],"curies":[{"name":"wp","href":"https:\/\/api.w.org\/{rel}","templated":true}]}}