{"id":40334,"date":"2025-05-14T13:44:41","date_gmt":"2025-05-14T11:44:41","guid":{"rendered":"https:\/\/agropartner.hu\/termek\/vaderstad-topdown-400\/"},"modified":"2025-05-14T13:44:41","modified_gmt":"2025-05-14T11:44:41","slug":"vaderstad-topdown-400","status":"publish","type":"product","link":"https:\/\/agropartner.hu\/ro\/produs\/vaderstad-topdown-400\/","title":{"rendered":"V\u00e4derstad TopDown 400"},"content":{"rendered":"","protected":false},"excerpt":{"rendered":"<p>Cultivator cu l\u0103\u021bime de lucru de 4 metri, deschidere \u0219i \u00eenchidere hidraulic\u0103, ad\u00e2ncime de lucru de 30 cm, r\u00e2nd de role de compactare, 14 din\u021bi, distan\u021b\u0103 \u00eentre discuri de 12,5 cm, gata de lucru<\/p>\n","protected":false},"featured_media":26386,"comment_status":"open","ping_status":"closed","template":"","meta":{"_acf_changed":false},"product_brand":[],"product_cat":[90],"product_tag":[],"class_list":{"0":"post-40334","1":"product","2":"type-product","3":"status-publish","4":"has-post-thumbnail","6":"product_cat-masina-de-lucru","8":"first","9":"instock","10":"shipping-taxable","11":"purchasable","12":"product-type-simple"},"acf":[],"_links":{"self":[{"href":"https:\/\/agropartner.hu\/ro\/wp-json\/wp\/v2\/product\/40334","targetHints":{"allow":["GET"]}}],"collection":[{"href":"https:\/\/agropartner.hu\/ro\/wp-json\/wp\/v2\/product"}],"about":[{"href":"https:\/\/agropartner.hu\/ro\/wp-json\/wp\/v2\/types\/product"}],"replies":[{"embeddable":true,"href":"https:\/\/agropartner.hu\/ro\/wp-json\/wp\/v2\/comments?post=40334"}],"wp:featuredmedia":[{"embeddable":true,"href":"https:\/\/agropartner.hu\/ro\/wp-json\/wp\/v2\/media\/26386"}],"wp:attachment":[{"href":"https:\/\/agropartner.hu\/ro\/wp-json\/wp\/v2\/media?parent=40334"}],"wp:term":[{"taxonomy":"product_brand","embeddable":true,"href":"https:\/\/agropartner.hu\/ro\/wp-json\/wp\/v2\/product_brand?post=40334"},{"taxonomy":"product_cat","embeddable":true,"href":"https:\/\/agropartner.hu\/ro\/wp-json\/wp\/v2\/product_cat?post=40334"},{"taxonomy":"product_tag","embeddable":true,"href":"https:\/\/agropartner.hu\/ro\/wp-json\/wp\/v2\/product_tag?post=40334"}],"curies":[{"name":"wp","href":"https:\/\/api.w.org\/{rel}","templated":true}]}}