{"id":40335,"date":"2025-05-14T13:56:44","date_gmt":"2025-05-14T11:56:44","guid":{"rendered":"https:\/\/agropartner.hu\/termek\/vaderstad-topdown-400-2\/"},"modified":"2025-05-14T13:56:44","modified_gmt":"2025-05-14T11:56:44","slug":"vaderstad-topdown-400-2","status":"publish","type":"product","link":"https:\/\/agropartner.hu\/ro\/produs\/vaderstad-topdown-400-2\/","title":{"rendered":"V\u00e4derstad TopDown 400"},"content":{"rendered":"","protected":false},"excerpt":{"rendered":"<p>Cultivator de 4 metri, unic proprietar, cadru f\u0103r\u0103 d\u0103une, piese originale, putere necesar\u0103 350 CP, ad\u00e2ncime de lucru 25-30 cm, \u0219i prin leasing!<\/p>\n","protected":false},"featured_media":26507,"comment_status":"open","ping_status":"closed","template":"","meta":{"_acf_changed":false},"product_brand":[],"product_cat":[90],"product_tag":[],"class_list":{"0":"post-40335","1":"product","2":"type-product","3":"status-publish","4":"has-post-thumbnail","6":"product_cat-masina-de-lucru","8":"first","9":"instock","10":"shipping-taxable","11":"purchasable","12":"product-type-simple"},"acf":[],"_links":{"self":[{"href":"https:\/\/agropartner.hu\/ro\/wp-json\/wp\/v2\/product\/40335","targetHints":{"allow":["GET"]}}],"collection":[{"href":"https:\/\/agropartner.hu\/ro\/wp-json\/wp\/v2\/product"}],"about":[{"href":"https:\/\/agropartner.hu\/ro\/wp-json\/wp\/v2\/types\/product"}],"replies":[{"embeddable":true,"href":"https:\/\/agropartner.hu\/ro\/wp-json\/wp\/v2\/comments?post=40335"}],"wp:featuredmedia":[{"embeddable":true,"href":"https:\/\/agropartner.hu\/ro\/wp-json\/wp\/v2\/media\/26507"}],"wp:attachment":[{"href":"https:\/\/agropartner.hu\/ro\/wp-json\/wp\/v2\/media?parent=40335"}],"wp:term":[{"taxonomy":"product_brand","embeddable":true,"href":"https:\/\/agropartner.hu\/ro\/wp-json\/wp\/v2\/product_brand?post=40335"},{"taxonomy":"product_cat","embeddable":true,"href":"https:\/\/agropartner.hu\/ro\/wp-json\/wp\/v2\/product_cat?post=40335"},{"taxonomy":"product_tag","embeddable":true,"href":"https:\/\/agropartner.hu\/ro\/wp-json\/wp\/v2\/product_tag?post=40335"}],"curies":[{"name":"wp","href":"https:\/\/api.w.org\/{rel}","templated":true}]}}