{"id":40339,"date":"2025-10-10T15:33:19","date_gmt":"2025-10-10T13:33:19","guid":{"rendered":"https:\/\/agropartner.hu\/termek\/bednar-versatill-vo-7500\/"},"modified":"2026-05-03T18:22:02","modified_gmt":"2026-05-03T16:22:02","slug":"bednar-versatill-vo-7500","status":"publish","type":"product","link":"https:\/\/agropartner.hu\/ro\/produs\/bednar-versatill-vo-7500\/","title":{"rendered":"Bednar Versatill VO 7500"},"content":{"rendered":"","protected":false},"excerpt":{"rendered":"<p>7,5 metri, distan\u021b\u0103 \u00eentre sape de 68 cm, r\u00e2nd de t\u0103v\u0103lugi inelari \u00een form\u0103 de U, putere necesar\u0103 min. 300 CP! <\/p>\n","protected":false},"featured_media":39260,"comment_status":"closed","ping_status":"closed","template":"","meta":{"_acf_changed":false},"product_brand":[],"product_cat":[90],"product_tag":[],"class_list":{"0":"post-40339","1":"product","2":"type-product","3":"status-publish","4":"has-post-thumbnail","6":"product_cat-masina-de-lucru","8":"first","9":"instock","10":"shipping-taxable","11":"purchasable","12":"product-type-simple"},"acf":[],"_links":{"self":[{"href":"https:\/\/agropartner.hu\/ro\/wp-json\/wp\/v2\/product\/40339","targetHints":{"allow":["GET"]}}],"collection":[{"href":"https:\/\/agropartner.hu\/ro\/wp-json\/wp\/v2\/product"}],"about":[{"href":"https:\/\/agropartner.hu\/ro\/wp-json\/wp\/v2\/types\/product"}],"replies":[{"embeddable":true,"href":"https:\/\/agropartner.hu\/ro\/wp-json\/wp\/v2\/comments?post=40339"}],"wp:featuredmedia":[{"embeddable":true,"href":"https:\/\/agropartner.hu\/ro\/wp-json\/wp\/v2\/media\/39260"}],"wp:attachment":[{"href":"https:\/\/agropartner.hu\/ro\/wp-json\/wp\/v2\/media?parent=40339"}],"wp:term":[{"taxonomy":"product_brand","embeddable":true,"href":"https:\/\/agropartner.hu\/ro\/wp-json\/wp\/v2\/product_brand?post=40339"},{"taxonomy":"product_cat","embeddable":true,"href":"https:\/\/agropartner.hu\/ro\/wp-json\/wp\/v2\/product_cat?post=40339"},{"taxonomy":"product_tag","embeddable":true,"href":"https:\/\/agropartner.hu\/ro\/wp-json\/wp\/v2\/product_tag?post=40339"}],"curies":[{"name":"wp","href":"https:\/\/api.w.org\/{rel}","templated":true}]}}