{"id":40340,"date":"2025-05-13T11:45:49","date_gmt":"2025-05-13T09:45:49","guid":{"rendered":"https:\/\/agropartner.hu\/termek\/satex-vario-germinator-60-cc\/"},"modified":"2025-05-13T11:45:49","modified_gmt":"2025-05-13T09:45:49","slug":"satex-vario-germinator-60-cc","status":"publish","type":"product","link":"https:\/\/agropartner.hu\/ro\/produs\/satex-vario-germinator-60-cc\/","title":{"rendered":"Satex Vario Germinator 6,0 CC"},"content":{"rendered":"","protected":false},"excerpt":{"rendered":"<p>L\u0103\u021bime de lucru 6,0 metri, deschidere \u0219i \u00eenchidere hidraulic\u0103, r\u00e2nd grap\u0103 cu arc, role Crosskill, remorcat, stare NOU\u0102!<\/p>\n","protected":false},"featured_media":25513,"comment_status":"open","ping_status":"closed","template":"","meta":{"_acf_changed":false},"product_brand":[],"product_cat":[90],"product_tag":[],"class_list":{"0":"post-40340","1":"product","2":"type-product","3":"status-publish","4":"has-post-thumbnail","6":"product_cat-masina-de-lucru","8":"first","9":"instock","10":"shipping-taxable","11":"purchasable","12":"product-type-simple"},"acf":[],"_links":{"self":[{"href":"https:\/\/agropartner.hu\/ro\/wp-json\/wp\/v2\/product\/40340","targetHints":{"allow":["GET"]}}],"collection":[{"href":"https:\/\/agropartner.hu\/ro\/wp-json\/wp\/v2\/product"}],"about":[{"href":"https:\/\/agropartner.hu\/ro\/wp-json\/wp\/v2\/types\/product"}],"replies":[{"embeddable":true,"href":"https:\/\/agropartner.hu\/ro\/wp-json\/wp\/v2\/comments?post=40340"}],"wp:featuredmedia":[{"embeddable":true,"href":"https:\/\/agropartner.hu\/ro\/wp-json\/wp\/v2\/media\/25513"}],"wp:attachment":[{"href":"https:\/\/agropartner.hu\/ro\/wp-json\/wp\/v2\/media?parent=40340"}],"wp:term":[{"taxonomy":"product_brand","embeddable":true,"href":"https:\/\/agropartner.hu\/ro\/wp-json\/wp\/v2\/product_brand?post=40340"},{"taxonomy":"product_cat","embeddable":true,"href":"https:\/\/agropartner.hu\/ro\/wp-json\/wp\/v2\/product_cat?post=40340"},{"taxonomy":"product_tag","embeddable":true,"href":"https:\/\/agropartner.hu\/ro\/wp-json\/wp\/v2\/product_tag?post=40340"}],"curies":[{"name":"wp","href":"https:\/\/api.w.org\/{rel}","templated":true}]}}