{"id":40341,"date":"2025-05-13T11:32:40","date_gmt":"2025-05-13T09:32:40","guid":{"rendered":"https:\/\/agropartner.hu\/termek\/kverneland-pw-100-variomat\/"},"modified":"2025-05-13T11:32:40","modified_gmt":"2025-05-13T09:32:40","slug":"kverneland-pw-100-variomat","status":"publish","type":"product","link":"https:\/\/agropartner.hu\/ro\/produs\/kverneland-pw-100-variomat\/","title":{"rendered":"Kverneland PW 100 Variomat"},"content":{"rendered":"","protected":false},"excerpt":{"rendered":"<p>Siguran\u021b\u0103 AUTO-RESET, l\u0103\u021bime de lucru 35-50 cm, ad\u00e2ncime de arat 15-30 cm, Monitor, r\u00e2nd de role PACKOMAT, reglare l\u0103\u021bime VARI-WIDTH<\/p>\n","protected":false},"featured_media":25268,"comment_status":"open","ping_status":"closed","template":"","meta":{"_acf_changed":false},"product_brand":[],"product_cat":[90],"product_tag":[],"class_list":{"0":"post-40341","1":"product","2":"type-product","3":"status-publish","4":"has-post-thumbnail","6":"product_cat-masina-de-lucru","8":"first","9":"instock","10":"shipping-taxable","11":"purchasable","12":"product-type-simple"},"acf":[],"_links":{"self":[{"href":"https:\/\/agropartner.hu\/ro\/wp-json\/wp\/v2\/product\/40341","targetHints":{"allow":["GET"]}}],"collection":[{"href":"https:\/\/agropartner.hu\/ro\/wp-json\/wp\/v2\/product"}],"about":[{"href":"https:\/\/agropartner.hu\/ro\/wp-json\/wp\/v2\/types\/product"}],"replies":[{"embeddable":true,"href":"https:\/\/agropartner.hu\/ro\/wp-json\/wp\/v2\/comments?post=40341"}],"wp:featuredmedia":[{"embeddable":true,"href":"https:\/\/agropartner.hu\/ro\/wp-json\/wp\/v2\/media\/25268"}],"wp:attachment":[{"href":"https:\/\/agropartner.hu\/ro\/wp-json\/wp\/v2\/media?parent=40341"}],"wp:term":[{"taxonomy":"product_brand","embeddable":true,"href":"https:\/\/agropartner.hu\/ro\/wp-json\/wp\/v2\/product_brand?post=40341"},{"taxonomy":"product_cat","embeddable":true,"href":"https:\/\/agropartner.hu\/ro\/wp-json\/wp\/v2\/product_cat?post=40341"},{"taxonomy":"product_tag","embeddable":true,"href":"https:\/\/agropartner.hu\/ro\/wp-json\/wp\/v2\/product_tag?post=40341"}],"curies":[{"name":"wp","href":"https:\/\/api.w.org\/{rel}","templated":true}]}}