{"id":40347,"date":"2025-05-13T10:07:19","date_gmt":"2025-05-13T08:07:19","guid":{"rendered":"https:\/\/agropartner.hu\/termek\/kuhne-krw-6\/"},"modified":"2025-05-13T10:07:19","modified_gmt":"2025-05-13T08:07:19","slug":"kuhne-krw-6","status":"publish","type":"product","link":"https:\/\/agropartner.hu\/ro\/produs\/kuhne-krw-6\/","title":{"rendered":"K\u00fchne KRW 6"},"content":{"rendered":"","protected":false},"excerpt":{"rendered":"<p>Plug greu cu 6 cap, de la primul proprietar, l\u0103\u021bime de t\u0103iere fix\u0103 de 40 cm, design extrem de rezistent, cadru f\u0103r\u0103 repara\u021bii<\/p>\n","protected":false},"featured_media":24758,"comment_status":"open","ping_status":"closed","template":"","meta":{"_acf_changed":false},"product_brand":[],"product_cat":[90],"product_tag":[],"class_list":{"0":"post-40347","1":"product","2":"type-product","3":"status-publish","4":"has-post-thumbnail","6":"product_cat-masina-de-lucru","8":"first","9":"instock","10":"shipping-taxable","11":"purchasable","12":"product-type-simple"},"acf":[],"_links":{"self":[{"href":"https:\/\/agropartner.hu\/ro\/wp-json\/wp\/v2\/product\/40347","targetHints":{"allow":["GET"]}}],"collection":[{"href":"https:\/\/agropartner.hu\/ro\/wp-json\/wp\/v2\/product"}],"about":[{"href":"https:\/\/agropartner.hu\/ro\/wp-json\/wp\/v2\/types\/product"}],"replies":[{"embeddable":true,"href":"https:\/\/agropartner.hu\/ro\/wp-json\/wp\/v2\/comments?post=40347"}],"wp:featuredmedia":[{"embeddable":true,"href":"https:\/\/agropartner.hu\/ro\/wp-json\/wp\/v2\/media\/24758"}],"wp:attachment":[{"href":"https:\/\/agropartner.hu\/ro\/wp-json\/wp\/v2\/media?parent=40347"}],"wp:term":[{"taxonomy":"product_brand","embeddable":true,"href":"https:\/\/agropartner.hu\/ro\/wp-json\/wp\/v2\/product_brand?post=40347"},{"taxonomy":"product_cat","embeddable":true,"href":"https:\/\/agropartner.hu\/ro\/wp-json\/wp\/v2\/product_cat?post=40347"},{"taxonomy":"product_tag","embeddable":true,"href":"https:\/\/agropartner.hu\/ro\/wp-json\/wp\/v2\/product_tag?post=40347"}],"curies":[{"name":"wp","href":"https:\/\/api.w.org\/{rel}","templated":true}]}}