{"id":40348,"date":"2025-05-13T10:11:16","date_gmt":"2025-05-13T08:11:16","guid":{"rendered":"https:\/\/agropartner.hu\/termek\/kuhne-krw-6-2\/"},"modified":"2025-05-13T10:11:16","modified_gmt":"2025-05-13T08:11:16","slug":"kuhne-krw-6-2","status":"publish","type":"product","link":"https:\/\/agropartner.hu\/ro\/produs\/kuhne-krw-6-2\/","title":{"rendered":"K\u00fchne KRW 6"},"content":{"rendered":"","protected":false},"excerpt":{"rendered":"<p>Plug cu 6 capete pentru platform\u0103 grea, de la primul proprietar, l\u0103\u021bime de lucru fix\u0103 \u200b\u200bde 40 cm, pl\u0103ci de direc\u021bie divizate, design extrem de puternic, cadru care nu necesit\u0103 repara\u021bii!<\/p>\n","protected":false},"featured_media":24789,"comment_status":"open","ping_status":"closed","template":"","meta":{"_acf_changed":false},"product_brand":[],"product_cat":[95],"product_tag":[],"class_list":{"0":"post-40348","1":"product","2":"type-product","3":"status-publish","4":"has-post-thumbnail","6":"product_cat-alte-informatii","8":"first","9":"instock","10":"shipping-taxable","11":"purchasable","12":"product-type-simple"},"acf":[],"_links":{"self":[{"href":"https:\/\/agropartner.hu\/ro\/wp-json\/wp\/v2\/product\/40348","targetHints":{"allow":["GET"]}}],"collection":[{"href":"https:\/\/agropartner.hu\/ro\/wp-json\/wp\/v2\/product"}],"about":[{"href":"https:\/\/agropartner.hu\/ro\/wp-json\/wp\/v2\/types\/product"}],"replies":[{"embeddable":true,"href":"https:\/\/agropartner.hu\/ro\/wp-json\/wp\/v2\/comments?post=40348"}],"wp:featuredmedia":[{"embeddable":true,"href":"https:\/\/agropartner.hu\/ro\/wp-json\/wp\/v2\/media\/24789"}],"wp:attachment":[{"href":"https:\/\/agropartner.hu\/ro\/wp-json\/wp\/v2\/media?parent=40348"}],"wp:term":[{"taxonomy":"product_brand","embeddable":true,"href":"https:\/\/agropartner.hu\/ro\/wp-json\/wp\/v2\/product_brand?post=40348"},{"taxonomy":"product_cat","embeddable":true,"href":"https:\/\/agropartner.hu\/ro\/wp-json\/wp\/v2\/product_cat?post=40348"},{"taxonomy":"product_tag","embeddable":true,"href":"https:\/\/agropartner.hu\/ro\/wp-json\/wp\/v2\/product_tag?post=40348"}],"curies":[{"name":"wp","href":"https:\/\/api.w.org\/{rel}","templated":true}]}}