{"id":40355,"date":"2025-05-12T14:55:49","date_gmt":"2025-05-12T12:55:49","guid":{"rendered":"https:\/\/agropartner.hu\/termek\/kuhn-gmd-3123f\/"},"modified":"2025-05-12T14:55:49","modified_gmt":"2025-05-12T12:55:49","slug":"kuhn-gmd-3123f","status":"publish","type":"product","link":"https:\/\/agropartner.hu\/ro\/produs\/kuhn-gmd-3123f\/","title":{"rendered":"Kuhn GMD 3123F"},"content":{"rendered":"","protected":false},"excerpt":{"rendered":"<p>Cump\u0103r \u00een leasing cu avans de 10% + TVA! L\u0103\u021bime de lucru per unitate de cosit (m) 3,10, L\u0103\u021bime brazd\u0103 (m) 1,30 &#8211; 1,40, Putere minim\u0103 necesar\u0103 a prizei de putere (kW\/CP) 32 \/ 43<\/p>\n","protected":false},"featured_media":24135,"comment_status":"open","ping_status":"closed","template":"","meta":{"_acf_changed":false},"product_brand":[],"product_cat":[90],"product_tag":[],"class_list":{"0":"post-40355","1":"product","2":"type-product","3":"status-publish","4":"has-post-thumbnail","6":"product_cat-masina-de-lucru","8":"first","9":"instock","10":"shipping-taxable","11":"purchasable","12":"product-type-simple"},"acf":[],"_links":{"self":[{"href":"https:\/\/agropartner.hu\/ro\/wp-json\/wp\/v2\/product\/40355","targetHints":{"allow":["GET"]}}],"collection":[{"href":"https:\/\/agropartner.hu\/ro\/wp-json\/wp\/v2\/product"}],"about":[{"href":"https:\/\/agropartner.hu\/ro\/wp-json\/wp\/v2\/types\/product"}],"replies":[{"embeddable":true,"href":"https:\/\/agropartner.hu\/ro\/wp-json\/wp\/v2\/comments?post=40355"}],"wp:featuredmedia":[{"embeddable":true,"href":"https:\/\/agropartner.hu\/ro\/wp-json\/wp\/v2\/media\/24135"}],"wp:attachment":[{"href":"https:\/\/agropartner.hu\/ro\/wp-json\/wp\/v2\/media?parent=40355"}],"wp:term":[{"taxonomy":"product_brand","embeddable":true,"href":"https:\/\/agropartner.hu\/ro\/wp-json\/wp\/v2\/product_brand?post=40355"},{"taxonomy":"product_cat","embeddable":true,"href":"https:\/\/agropartner.hu\/ro\/wp-json\/wp\/v2\/product_cat?post=40355"},{"taxonomy":"product_tag","embeddable":true,"href":"https:\/\/agropartner.hu\/ro\/wp-json\/wp\/v2\/product_tag?post=40355"}],"curies":[{"name":"wp","href":"https:\/\/api.w.org\/{rel}","templated":true}]}}