{"id":40603,"date":"2025-11-06T09:24:55","date_gmt":"2025-11-06T08:24:55","guid":{"rendered":"https:\/\/agropartner.hu\/termek\/john-deere-5090m\/"},"modified":"2026-05-03T18:21:35","modified_gmt":"2026-05-03T16:21:35","slug":"john-deere-5090m","status":"publish","type":"product","link":"https:\/\/agropartner.hu\/ro\/produs\/john-deere-5090m\/","title":{"rendered":"John Deere 5090M"},"content":{"rendered":"","protected":false},"excerpt":{"rendered":"<p>Cump\u0103r\u0103 \u00een leasing cu 10% + TVA \u00een plus! Cutie de viteze PowerQuad Plus 16\/16, 40km\/h, fr\u00e2ne pneumatice, aer condi\u021bionat, 3 perechi de fr\u00e2ne, jante reglabile<\/p>\n","protected":false},"featured_media":40484,"comment_status":"closed","ping_status":"closed","template":"","meta":{"_acf_changed":false},"product_brand":[],"product_cat":[88],"product_tag":[],"class_list":{"0":"post-40603","1":"product","2":"type-product","3":"status-publish","4":"has-post-thumbnail","6":"product_cat-tractor-ro","8":"first","9":"instock","10":"shipping-taxable","11":"purchasable","12":"product-type-simple"},"acf":[],"_links":{"self":[{"href":"https:\/\/agropartner.hu\/ro\/wp-json\/wp\/v2\/product\/40603","targetHints":{"allow":["GET"]}}],"collection":[{"href":"https:\/\/agropartner.hu\/ro\/wp-json\/wp\/v2\/product"}],"about":[{"href":"https:\/\/agropartner.hu\/ro\/wp-json\/wp\/v2\/types\/product"}],"replies":[{"embeddable":true,"href":"https:\/\/agropartner.hu\/ro\/wp-json\/wp\/v2\/comments?post=40603"}],"wp:featuredmedia":[{"embeddable":true,"href":"https:\/\/agropartner.hu\/ro\/wp-json\/wp\/v2\/media\/40484"}],"wp:attachment":[{"href":"https:\/\/agropartner.hu\/ro\/wp-json\/wp\/v2\/media?parent=40603"}],"wp:term":[{"taxonomy":"product_brand","embeddable":true,"href":"https:\/\/agropartner.hu\/ro\/wp-json\/wp\/v2\/product_brand?post=40603"},{"taxonomy":"product_cat","embeddable":true,"href":"https:\/\/agropartner.hu\/ro\/wp-json\/wp\/v2\/product_cat?post=40603"},{"taxonomy":"product_tag","embeddable":true,"href":"https:\/\/agropartner.hu\/ro\/wp-json\/wp\/v2\/product_tag?post=40603"}],"curies":[{"name":"wp","href":"https:\/\/api.w.org\/{rel}","templated":true}]}}