{"id":41707,"date":"2026-04-29T10:41:20","date_gmt":"2026-04-29T08:41:20","guid":{"rendered":"https:\/\/agropartner.hu\/termek\/plug-rotativ-cu-5-capete-lemken-variopal\/"},"modified":"2026-04-29T10:41:20","modified_gmt":"2026-04-29T08:41:20","slug":"plug-rotativ-cu-5-capete-lemken-variopal","status":"publish","type":"product","link":"https:\/\/agropartner.hu\/ro\/produs\/plug-rotativ-cu-5-capete-lemken-variopal\/","title":{"rendered":"Plug rotativ cu 5 capete Lemken Variopal"},"content":{"rendered":"","protected":false},"excerpt":{"rendered":"<p>De v\u00e2nzare de la o ferm\u0103 de familie din cauza schimb\u0103rii tehnologiei este un plug reversibil LEMKEN Variopal 9, cu 5 capete suspendate.<\/p>\n","protected":false},"featured_media":41571,"comment_status":"closed","ping_status":"closed","template":"","meta":{"_acf_changed":false},"product_brand":[],"product_cat":[90],"product_tag":[],"class_list":{"0":"post-41707","1":"product","2":"type-product","3":"status-publish","4":"has-post-thumbnail","6":"product_cat-masina-de-lucru","8":"first","9":"instock","10":"shipping-taxable","11":"purchasable","12":"product-type-simple"},"acf":[],"_links":{"self":[{"href":"https:\/\/agropartner.hu\/ro\/wp-json\/wp\/v2\/product\/41707","targetHints":{"allow":["GET"]}}],"collection":[{"href":"https:\/\/agropartner.hu\/ro\/wp-json\/wp\/v2\/product"}],"about":[{"href":"https:\/\/agropartner.hu\/ro\/wp-json\/wp\/v2\/types\/product"}],"replies":[{"embeddable":true,"href":"https:\/\/agropartner.hu\/ro\/wp-json\/wp\/v2\/comments?post=41707"}],"wp:featuredmedia":[{"embeddable":true,"href":"https:\/\/agropartner.hu\/ro\/wp-json\/wp\/v2\/media\/41571"}],"wp:attachment":[{"href":"https:\/\/agropartner.hu\/ro\/wp-json\/wp\/v2\/media?parent=41707"}],"wp:term":[{"taxonomy":"product_brand","embeddable":true,"href":"https:\/\/agropartner.hu\/ro\/wp-json\/wp\/v2\/product_brand?post=41707"},{"taxonomy":"product_cat","embeddable":true,"href":"https:\/\/agropartner.hu\/ro\/wp-json\/wp\/v2\/product_cat?post=41707"},{"taxonomy":"product_tag","embeddable":true,"href":"https:\/\/agropartner.hu\/ro\/wp-json\/wp\/v2\/product_tag?post=41707"}],"curies":[{"name":"wp","href":"https:\/\/api.w.org\/{rel}","templated":true}]}}