{"id":41708,"date":"2026-04-29T10:23:28","date_gmt":"2026-04-29T08:23:28","guid":{"rendered":"https:\/\/agropartner.hu\/termek\/carucior-de-alimentare-tractat-italmix-easy-mc11\/"},"modified":"2026-04-29T10:23:28","modified_gmt":"2026-04-29T08:23:28","slug":"carucior-de-alimentare-tractat-italmix-easy-mc11","status":"publish","type":"product","link":"https:\/\/agropartner.hu\/ro\/produs\/carucior-de-alimentare-tractat-italmix-easy-mc11\/","title":{"rendered":"C\u0103rucior de alimentare tractat Italmix Easy MC11"},"content":{"rendered":"","protected":false},"excerpt":{"rendered":"<p>Vagon de alimentare tras\u0103 de 11 m\u00b3 de v\u00e2nzare ca urmare a achizi\u021bion\u0103rii unei ma\u0219ini noi de la ferma de familie. Ma\u0219ina din 2013 este \u00een stare bun\u0103 pentru v\u00e2rsta sa. A fost folosit pentru a hr\u0103ni o turm\u0103 de 100-150 de bovine, cu 1-1,5 ore de utilizare pe zi. A fost depozitat \u00een interior \u00een fiecare noapte, \u00eentre\u021binut \u00een mod regulat cu ulei din fabric\u0103, iar cutia de viteze planetar\u0103 nu a fost niciodat\u0103 deranjat\u0103. Am operat-o cu MTZ, a fost u\u0219or de condus deoarece ma\u0219ina are o cutie de viteze cu 2 trepte.    <\/p>\n","protected":false},"featured_media":41471,"comment_status":"closed","ping_status":"closed","template":"","meta":{"_acf_changed":false},"product_brand":[],"product_cat":[95],"product_tag":[],"class_list":{"0":"post-41708","1":"product","2":"type-product","3":"status-publish","4":"has-post-thumbnail","6":"product_cat-alte-informatii","8":"first","9":"instock","10":"shipping-taxable","11":"purchasable","12":"product-type-simple"},"acf":[],"_links":{"self":[{"href":"https:\/\/agropartner.hu\/ro\/wp-json\/wp\/v2\/product\/41708","targetHints":{"allow":["GET"]}}],"collection":[{"href":"https:\/\/agropartner.hu\/ro\/wp-json\/wp\/v2\/product"}],"about":[{"href":"https:\/\/agropartner.hu\/ro\/wp-json\/wp\/v2\/types\/product"}],"replies":[{"embeddable":true,"href":"https:\/\/agropartner.hu\/ro\/wp-json\/wp\/v2\/comments?post=41708"}],"wp:featuredmedia":[{"embeddable":true,"href":"https:\/\/agropartner.hu\/ro\/wp-json\/wp\/v2\/media\/41471"}],"wp:attachment":[{"href":"https:\/\/agropartner.hu\/ro\/wp-json\/wp\/v2\/media?parent=41708"}],"wp:term":[{"taxonomy":"product_brand","embeddable":true,"href":"https:\/\/agropartner.hu\/ro\/wp-json\/wp\/v2\/product_brand?post=41708"},{"taxonomy":"product_cat","embeddable":true,"href":"https:\/\/agropartner.hu\/ro\/wp-json\/wp\/v2\/product_cat?post=41708"},{"taxonomy":"product_tag","embeddable":true,"href":"https:\/\/agropartner.hu\/ro\/wp-json\/wp\/v2\/product_tag?post=41708"}],"curies":[{"name":"wp","href":"https:\/\/api.w.org\/{rel}","templated":true}]}}