{"id":41709,"date":"2026-04-29T09:44:04","date_gmt":"2026-04-29T07:44:04","guid":{"rendered":"https:\/\/agropartner.hu\/termek\/he-va-450-disc-rulou-disc-de-contur\/"},"modified":"2026-04-29T09:44:04","modified_gmt":"2026-04-29T07:44:04","slug":"he-va-450-disc-rulou-disc-de-contur","status":"publish","type":"product","link":"https:\/\/agropartner.hu\/ro\/produs\/he-va-450-disc-rulou-disc-de-contur\/","title":{"rendered":"HE-VA 450 Disc-rulou Disc de contur"},"content":{"rendered":"","protected":false},"excerpt":{"rendered":"<p>De v\u00e2nzare este o ma\u0219in\u0103 de arat cu sistem de discuri 2019 He-Va Disc-Roller Contour 450<br \/>\nbine \u00eentre\u021binut\u0103, cu role U-ring.<br \/>\nMa\u0219ina este \u00een stare tehnic\u0103 \u0219i estetic\u0103 excelent\u0103, \u00eentre\u021binut\u0103 \u00een mod regulat,<br \/>\ngata de lucru!<\/p>\n","protected":false},"featured_media":41374,"comment_status":"closed","ping_status":"closed","template":"","meta":{"_acf_changed":false},"product_brand":[],"product_cat":[90],"product_tag":[],"class_list":{"0":"post-41709","1":"product","2":"type-product","3":"status-publish","4":"has-post-thumbnail","6":"product_cat-masina-de-lucru","8":"first","9":"instock","10":"shipping-taxable","11":"purchasable","12":"product-type-simple"},"acf":[],"_links":{"self":[{"href":"https:\/\/agropartner.hu\/ro\/wp-json\/wp\/v2\/product\/41709","targetHints":{"allow":["GET"]}}],"collection":[{"href":"https:\/\/agropartner.hu\/ro\/wp-json\/wp\/v2\/product"}],"about":[{"href":"https:\/\/agropartner.hu\/ro\/wp-json\/wp\/v2\/types\/product"}],"replies":[{"embeddable":true,"href":"https:\/\/agropartner.hu\/ro\/wp-json\/wp\/v2\/comments?post=41709"}],"wp:featuredmedia":[{"embeddable":true,"href":"https:\/\/agropartner.hu\/ro\/wp-json\/wp\/v2\/media\/41374"}],"wp:attachment":[{"href":"https:\/\/agropartner.hu\/ro\/wp-json\/wp\/v2\/media?parent=41709"}],"wp:term":[{"taxonomy":"product_brand","embeddable":true,"href":"https:\/\/agropartner.hu\/ro\/wp-json\/wp\/v2\/product_brand?post=41709"},{"taxonomy":"product_cat","embeddable":true,"href":"https:\/\/agropartner.hu\/ro\/wp-json\/wp\/v2\/product_cat?post=41709"},{"taxonomy":"product_tag","embeddable":true,"href":"https:\/\/agropartner.hu\/ro\/wp-json\/wp\/v2\/product_tag?post=41709"}],"curies":[{"name":"wp","href":"https:\/\/api.w.org\/{rel}","templated":true}]}}