{"id":41719,"date":"2026-03-10T12:02:25","date_gmt":"2026-03-10T11:02:25","guid":{"rendered":"https:\/\/agropartner.hu\/termek\/tractor-new-holland-t7-245\/"},"modified":"2026-05-03T18:21:46","modified_gmt":"2026-05-03T16:21:46","slug":"tractor-new-holland-t7-245","status":"publish","type":"product","link":"https:\/\/agropartner.hu\/ro\/produs\/tractor-new-holland-t7-245\/","title":{"rendered":"Tractor New Holland T7.245"},"content":{"rendered":"","protected":false},"excerpt":{"rendered":"<p>Cutie de viteze complet\u0103 Powershift 18\/6 50 km\/h, suspensie pod \u0219i cabin\u0103, fr\u00e2n\u0103 de aer din fabric\u0103, ISOBUS, monitor IntelliView IV, greutate frontal\u0103 complet\u0103, iluminare cu LED-uri.<\/p>\n","protected":false},"featured_media":40996,"comment_status":"closed","ping_status":"closed","template":"","meta":{"_acf_changed":false},"product_brand":[],"product_cat":[88],"product_tag":[],"class_list":{"0":"post-41719","1":"product","2":"type-product","3":"status-publish","4":"has-post-thumbnail","6":"product_cat-tractor-ro","8":"first","9":"instock","10":"shipping-taxable","11":"purchasable","12":"product-type-simple"},"acf":[],"_links":{"self":[{"href":"https:\/\/agropartner.hu\/ro\/wp-json\/wp\/v2\/product\/41719","targetHints":{"allow":["GET"]}}],"collection":[{"href":"https:\/\/agropartner.hu\/ro\/wp-json\/wp\/v2\/product"}],"about":[{"href":"https:\/\/agropartner.hu\/ro\/wp-json\/wp\/v2\/types\/product"}],"replies":[{"embeddable":true,"href":"https:\/\/agropartner.hu\/ro\/wp-json\/wp\/v2\/comments?post=41719"}],"wp:featuredmedia":[{"embeddable":true,"href":"https:\/\/agropartner.hu\/ro\/wp-json\/wp\/v2\/media\/40996"}],"wp:attachment":[{"href":"https:\/\/agropartner.hu\/ro\/wp-json\/wp\/v2\/media?parent=41719"}],"wp:term":[{"taxonomy":"product_brand","embeddable":true,"href":"https:\/\/agropartner.hu\/ro\/wp-json\/wp\/v2\/product_brand?post=41719"},{"taxonomy":"product_cat","embeddable":true,"href":"https:\/\/agropartner.hu\/ro\/wp-json\/wp\/v2\/product_cat?post=41719"},{"taxonomy":"product_tag","embeddable":true,"href":"https:\/\/agropartner.hu\/ro\/wp-json\/wp\/v2\/product_tag?post=41719"}],"curies":[{"name":"wp","href":"https:\/\/api.w.org\/{rel}","templated":true}]}}