{"id":41724,"date":"2025-09-05T14:49:42","date_gmt":"2025-09-05T12:49:42","guid":{"rendered":"https:\/\/agropartner.hu\/termek\/tractor-massey-ferguson-m5711\/"},"modified":"2025-09-05T14:49:42","modified_gmt":"2025-09-05T12:49:42","slug":"tractor-massey-ferguson-m5711","status":"publish","type":"product","link":"https:\/\/agropartner.hu\/ro\/produs\/tractor-massey-ferguson-m5711\/","title":{"rendered":"Tractor Massey Ferguson M5711"},"content":{"rendered":"","protected":false},"excerpt":{"rendered":"<p>Tractor \u00een stare ca nou\u0103, cu anvelope Trelleborg noi, transmisie mecanic\u0103, pod fix \u0219i cabin\u0103<\/p>\n","protected":false},"featured_media":38219,"comment_status":"open","ping_status":"closed","template":"","meta":{"_acf_changed":false},"product_brand":[],"product_cat":[95],"product_tag":[],"class_list":{"0":"post-41724","1":"product","2":"type-product","3":"status-publish","4":"has-post-thumbnail","6":"product_cat-alte-informatii","8":"first","9":"instock","10":"shipping-taxable","11":"purchasable","12":"product-type-simple"},"acf":[],"_links":{"self":[{"href":"https:\/\/agropartner.hu\/ro\/wp-json\/wp\/v2\/product\/41724","targetHints":{"allow":["GET"]}}],"collection":[{"href":"https:\/\/agropartner.hu\/ro\/wp-json\/wp\/v2\/product"}],"about":[{"href":"https:\/\/agropartner.hu\/ro\/wp-json\/wp\/v2\/types\/product"}],"replies":[{"embeddable":true,"href":"https:\/\/agropartner.hu\/ro\/wp-json\/wp\/v2\/comments?post=41724"}],"wp:featuredmedia":[{"embeddable":true,"href":"https:\/\/agropartner.hu\/ro\/wp-json\/wp\/v2\/media\/38219"}],"wp:attachment":[{"href":"https:\/\/agropartner.hu\/ro\/wp-json\/wp\/v2\/media?parent=41724"}],"wp:term":[{"taxonomy":"product_brand","embeddable":true,"href":"https:\/\/agropartner.hu\/ro\/wp-json\/wp\/v2\/product_brand?post=41724"},{"taxonomy":"product_cat","embeddable":true,"href":"https:\/\/agropartner.hu\/ro\/wp-json\/wp\/v2\/product_cat?post=41724"},{"taxonomy":"product_tag","embeddable":true,"href":"https:\/\/agropartner.hu\/ro\/wp-json\/wp\/v2\/product_tag?post=41724"}],"curies":[{"name":"wp","href":"https:\/\/api.w.org\/{rel}","templated":true}]}}